{"id":1254,"date":"2019-11-27T16:17:59","date_gmt":"2019-11-27T16:17:59","guid":{"rendered":"https:\/\/federtec.it\/?page_id=1254"},"modified":"2023-07-26T16:14:25","modified_gmt":"2023-07-26T14:14:25","slug":"assiot","status":"publish","type":"page","link":"https:\/\/federtec.it\/?page_id=1254","title":{"rendered":"ASSIOT"},"content":{"rendered":"<div class=\"wpb-content-wrapper\"><p>[vc_row full_width=&#8221;stretch_row&#8221; equal_height=&#8221;yes&#8221; disable_element=&#8221;yes&#8221; type=&#8221;image&#8221; bg_color=&#8221;rgba(32,46,96,0.21)&#8221; bg_attachment=&#8221;true&#8221; margin_top=&#8221;0&#8243; css=&#8221;.vc_custom_1594905115767{margin-top: -70px !important;padding-bottom: 36px !important;background-color: rgba(32,46,96,0.21) !important;*background-color: rgb(32,46,96) !important;}&#8221;][vc_column enable_sticky=&#8221;true&#8221; sticky_offset=&#8221;20&#8243;][vc_row_inner][vc_column_inner width=&#8221;1\/4&#8243;]<a href=\"https:\/\/federtec.it\/associazioni\/assiot\/\" title=\"ASSIOT\"  data-id=\"mpc_icon_column-4169f5633830412\" class=\"mpc-icon-column mpc-init mpc-parent-hover mpc-transition mpc-icon-column--style_1 mpc-align--center \" ><div data-id=\"mpc_icon-6069f56338311cf\" class=\"mpc-icon mpc-init mpc-transition mpc-effect-slide-up mpc-icon-hover mpc-icon--image \"><div class=\"mpc-icon-wrap\"><i class=\"mpc-icon-part mpc-regular mpc-transition \"><img decoding=\"async\" class=\"\" src=\"https:\/\/federtec.it\/wp-content\/uploads\/marchio-Assiot-40x40.png\" width=\"40\" height=\"40\" alt=\"marchio-Assiot\" title=\"marchio-Assiot\" loading=\"lazy\" \/><\/i><i class=\"mpc-icon-part mpc-hover mpc-transition \"><img decoding=\"async\" class=\"\" src=\"https:\/\/federtec.it\/wp-content\/uploads\/marchio-Assiot-40x40.png\" width=\"40\" height=\"40\" alt=\"marchio-Assiot\" title=\"marchio-Assiot\" loading=\"lazy\" \/><\/i><\/div><\/div><div class=\"mpc-icon-column__content-wrap\"><div class=\"mpc-icon-column__content\"><h3 class=\"mpc-icon-column__heading mpc-typography--mpc_preset_22 mpc-transition\">Chi siamo<\/h3><\/div><\/div><\/a>[\/vc_column_inner][vc_column_inner width=&#8221;1\/4&#8243;]<a href=\"https:\/\/federtec.it\/associazioni\/assiot\/struttura\/\" title=\"Struttura ASSIOT\"  data-id=\"mpc_icon_column-9369f5633831343\" class=\"mpc-icon-column mpc-init mpc-parent-hover mpc-transition mpc-icon-column--style_1 mpc-align--center \" ><div data-id=\"mpc_icon-2969f56338313a4\" class=\"mpc-icon mpc-init mpc-transition mpc-effect-slide-up mpc-icon-hover \"><div class=\"mpc-icon-wrap\"><i class=\"mpc-icon-part mpc-regular mpc-transition  fa fa-sitemap\"><\/i><i class=\"mpc-icon-part mpc-hover mpc-transition  fa fa-sitemap\"><\/i><\/div><\/div><div class=\"mpc-icon-column__content-wrap\"><div class=\"mpc-icon-column__content\"><h3 class=\"mpc-icon-column__heading mpc-typography--mpc_preset_22 mpc-transition\">La Struttura<\/h3><\/div><\/div><\/a>[\/vc_column_inner][vc_column_inner width=&#8221;1\/4&#8243;]<a href=\"https:\/\/assiotdirectory.it\/aziende\/\" target=\"_blank\" title=\"ASSIOT directory\"  data-id=\"mpc_icon_column-2269f563383148e\" class=\"mpc-icon-column mpc-init mpc-parent-hover mpc-transition mpc-icon-column--style_1 mpc-align--center \" ><div data-id=\"mpc_icon-3369f56338314db\" class=\"mpc-icon mpc-init mpc-transition mpc-effect-slide-up mpc-icon-hover \"><div class=\"mpc-icon-wrap\"><i class=\"mpc-icon-part mpc-regular mpc-transition  fa fa-industry\"><\/i><i class=\"mpc-icon-part mpc-hover mpc-transition  fa fa-industry\"><\/i><\/div><\/div><div class=\"mpc-icon-column__content-wrap\"><div class=\"mpc-icon-column__content\"><h3 class=\"mpc-icon-column__heading mpc-typography--mpc_preset_22 mpc-transition\">Associati<\/h3><\/div><\/div><\/a>[\/vc_column_inner][vc_column_inner width=&#8221;1\/4&#8243;]<a href=\"https:\/\/assiotdirectory.it\/chi-fa-cosa\/\" target=\"_blank\" title=\"Chi fa cosa\"  data-id=\"mpc_icon_column-1569f5633831636\" class=\"mpc-icon-column mpc-init mpc-parent-hover mpc-transition mpc-icon-column--style_1 mpc-align--center \" ><div data-id=\"mpc_icon-7369f5633831681\" class=\"mpc-icon mpc-init mpc-transition mpc-effect-slide-up mpc-icon-hover \"><div class=\"mpc-icon-wrap\"><i class=\"mpc-icon-part mpc-regular mpc-transition  fa fa-cogs\"><\/i><i class=\"mpc-icon-part mpc-hover mpc-transition  fa fa-cogs\"><\/i><\/div><\/div><div class=\"mpc-icon-column__content-wrap\"><div class=\"mpc-icon-column__content\"><h3 class=\"mpc-icon-column__heading mpc-transition\">Prodotti<\/h3><\/div><\/div><\/a>[\/vc_column_inner][\/vc_row_inner][\/vc_column][\/vc_row][vc_row][vc_column width=&#8221;1\/2&#8243;][vc_column_text]<\/p>\n<h1>Chi siamo<\/h1>\n<p>[\/vc_column_text][vc_column_text]ASSIOT \u00e8 l\u2019Associazione italiana costruttori organi di trasmissione e ingranaggi.<br \/>\nCostituita nel dicembre 1971 per iniziativa di alcune aziende del settore, ASSIOT rappresenta l\u2019industria italiana dei Sistemi di Trasmissione Movimento e Potenza con una rappresentativit\u00e0 pari al 70% circa del settore.<\/p>\n<p>Con una produzione di oltre 9,7 miliardi di Euro, un mercato nazionale di circa 7,7 miliardi di Euro, un giro d&#8217;affari complessivo di 13,3 miliardi di Euro e un numero complessivo di addetti di 33.000 unit\u00e0, la realt\u00e0 italiana dei Sistemi di Trasmissione Movimento e Potenza meccanica \u00e8 tra le prime quattro per dimensione a livello mondiale.<\/p>\n<p>E&#8217; leader a livello tecnologico con nicchie di eccellenza assoluta, come dimostra la notevole propensione all\u2019export delle aziende del settore \u2013 che si attesta mediamente attorno al 60% della produzione ma che passa a valori non inferiori all\u201980-85% considerando anche la quota dell\u2019export indiretto (circa il 55% delle consegne sul mercato interno).<\/p>\n<p>ASSIOT nel rispetto delle linee di coordinamento e di indirizzo di FEDERTEC, ha lo scopo di tutelare e promuovere gli interessi tecnici ed economici dell\u2019intera filiera del settore dei sistemi di trasmissione meccanica.[\/vc_column_text][\/vc_column][vc_column width=&#8221;1\/2&#8243;][vc_column_text][\/vc_column_text][vc_column_text]In particolare si propone di:[\/vc_column_text]<div id=\"mpc_connected_icons-3469f5633831714\" class=\"mpc-connected-icons mpc-init mpc-transition \"  data-ci-cols=\"4\" data-target=\"icon\" data-layout=\"vertical\"><div class=\"mpc-connected-icons__line\"><span><\/span><\/div><div data-id=\"mpc_icon_column-9369f56338318da\" class=\"mpc-icon-column mpc-init mpc-parent-hover mpc-transition mpc-icon-column--style_3 mpc-align--left \" ><div data-id=\"mpc_icon-8769f5633831932\" class=\"mpc-icon mpc-init mpc-transition mpc-effect-none mpc-icon-hover \"><div class=\"mpc-icon-wrap\"><i class=\"mpc-icon-part mpc-regular mpc-transition  fa fa-check\"><\/i><i class=\"mpc-icon-part mpc-hover mpc-transition  fa fa-check\"><\/i><\/div><\/div><div class=\"mpc-icon-column__content-wrap\"><div class=\"mpc-icon-column__content\"><h3 class=\"mpc-icon-column__heading mpc-typography--mpc_preset_1 mpc-transition\">Riunire<\/h3><div class=\"mpc-icon-column__description mpc-typography--mpc_preset_44 mpc-transition\"><p>per la trattazione delle questioni di comune interesse, tutte le Aziende interessate o gruppi delle medesime.<\/p>\n<\/div><\/div><\/div><\/div><div data-id=\"mpc_icon_column-8969f5633831ace\" class=\"mpc-icon-column mpc-init mpc-parent-hover mpc-transition mpc-icon-column--style_3 mpc-align--left \" ><div data-id=\"mpc_icon-6269f5633831b31\" class=\"mpc-icon mpc-init mpc-transition mpc-effect-none mpc-icon-hover \"><div class=\"mpc-icon-wrap\"><i class=\"mpc-icon-part mpc-regular mpc-transition  fa fa-check\"><\/i><i class=\"mpc-icon-part mpc-hover mpc-transition  fa fa-check\"><\/i><\/div><\/div><div class=\"mpc-icon-column__content-wrap\"><div class=\"mpc-icon-column__content\"><h3 class=\"mpc-icon-column__heading mpc-typography--mpc_preset_1 mpc-transition\">Rappresentare<\/h3><div class=\"mpc-icon-column__description mpc-typography--mpc_preset_44 mpc-transition\"><p>le Aziende Associate presso Istituti, Enti, Organismi nazionali ed internazionali.<\/p>\n<\/div><\/div><\/div><\/div><div data-id=\"mpc_icon_column-1069f5633831c2f\" class=\"mpc-icon-column mpc-init mpc-parent-hover mpc-transition mpc-icon-column--style_3 mpc-align--left \" ><div data-id=\"mpc_icon-4069f5633831c79\" class=\"mpc-icon mpc-init mpc-transition mpc-effect-none mpc-icon-hover \"><div class=\"mpc-icon-wrap\"><i class=\"mpc-icon-part mpc-regular mpc-transition  fa fa-check\"><\/i><i class=\"mpc-icon-part mpc-hover mpc-transition  fa fa-check\"><\/i><\/div><\/div><div class=\"mpc-icon-column__content-wrap\"><div class=\"mpc-icon-column__content\"><h3 class=\"mpc-icon-column__heading mpc-typography--mpc_preset_1 mpc-transition\">Studiare e risolvere<\/h3><div class=\"mpc-icon-column__description mpc-typography--mpc_preset_44 mpc-transition\"><p>nell\u2019interesse delle Aziende Associate, problemi di carattere tecnico, economico e legislativo, nonch\u00e8 di carattere fiscale.<\/p>\n<\/div><\/div><\/div><\/div><div data-id=\"mpc_icon_column-3769f5633831d7f\" class=\"mpc-icon-column mpc-init mpc-parent-hover mpc-transition mpc-icon-column--style_3 mpc-align--left \" ><div data-id=\"mpc_icon-2469f5633831de4\" class=\"mpc-icon mpc-init mpc-transition mpc-effect-none mpc-icon-hover \"><div class=\"mpc-icon-wrap\"><i class=\"mpc-icon-part mpc-regular mpc-transition  fa fa-check\"><\/i><i class=\"mpc-icon-part mpc-hover mpc-transition  fa fa-check\"><\/i><\/div><\/div><div class=\"mpc-icon-column__content-wrap\"><div class=\"mpc-icon-column__content\"><h3 class=\"mpc-icon-column__heading mpc-typography--mpc_preset_1 mpc-transition\">Favorire<\/h3><div class=\"mpc-icon-column__description mpc-typography--mpc_preset_44 mpc-transition\"><p>la conoscenza e la maggior diffusione delle tecniche del settore e dei prodotti costruiti dalle Aziende Associate facendosi anche promotrice di esposizioni e convegni sia in Italia sia all\u2019estero.<\/p>\n<\/div><\/div><\/div><\/div><div data-id=\"mpc_icon_column-369f5633831eed\" class=\"mpc-icon-column mpc-init mpc-parent-hover mpc-transition mpc-icon-column--style_3 mpc-align--left \" ><div data-id=\"mpc_icon-9469f5633831f3d\" class=\"mpc-icon mpc-init mpc-transition mpc-effect-none mpc-icon-hover \"><div class=\"mpc-icon-wrap\"><i class=\"mpc-icon-part mpc-regular mpc-transition  fa fa-check\"><\/i><i class=\"mpc-icon-part mpc-hover mpc-transition  fa fa-check\"><\/i><\/div><\/div><div class=\"mpc-icon-column__content-wrap\"><div class=\"mpc-icon-column__content\"><h3 class=\"mpc-icon-column__heading mpc-typography--mpc_preset_1 mpc-transition\">Sviluppare<\/h3><div class=\"mpc-icon-column__description mpc-typography--mpc_preset_44 mpc-transition\"><p>l\u2019istruzione tecnica e professionale sia mediante la pubblicazione di manuali, sia organizzando e gestendo corsi didattici, sia promuovendo ogni forma di collaborazione delle Aziende Associate con Istituti universitari, tecnici e scuole professionali.<\/p>\n<\/div><\/div><\/div><\/div><div data-id=\"mpc_icon_column-569f563383206f\" class=\"mpc-icon-column mpc-init mpc-parent-hover mpc-transition mpc-icon-column--style_3 mpc-align--left \" ><div data-id=\"mpc_icon-2469f56338320dd\" class=\"mpc-icon mpc-init mpc-transition mpc-effect-none mpc-icon-hover \"><div class=\"mpc-icon-wrap\"><i class=\"mpc-icon-part mpc-regular mpc-transition  fa fa-check\"><\/i><i class=\"mpc-icon-part mpc-hover mpc-transition  fa fa-check\"><\/i><\/div><\/div><div class=\"mpc-icon-column__content-wrap\"><div class=\"mpc-icon-column__content\"><h3 class=\"mpc-icon-column__heading mpc-typography--mpc_preset_1 mpc-transition\">Procedere<\/h3><div class=\"mpc-icon-column__description mpc-typography--mpc_preset_44 mpc-transition\"><p>alla raccolta ed alla elaborazione di dati statistici e di informazioni economiche di settore.<\/p>\n<\/div><\/div><\/div><\/div><div data-id=\"mpc_icon_column-4069f56338321fc\" class=\"mpc-icon-column mpc-init mpc-parent-hover mpc-transition mpc-icon-column--style_3 mpc-align--left \" ><div data-id=\"mpc_icon-3169f563383225a\" class=\"mpc-icon mpc-init mpc-transition mpc-effect-none mpc-icon-hover \"><div class=\"mpc-icon-wrap\"><i class=\"mpc-icon-part mpc-regular mpc-transition  fa fa-check\"><\/i><i class=\"mpc-icon-part mpc-hover mpc-transition  fa fa-check\"><\/i><\/div><\/div><div class=\"mpc-icon-column__content-wrap\"><div class=\"mpc-icon-column__content\"><h3 class=\"mpc-icon-column__heading mpc-typography--mpc_preset_1 mpc-transition\">Adempiere<\/h3><div class=\"mpc-icon-column__description mpc-typography--mpc_preset_44 mpc-transition\"><p>infine a qualsiasi altro incarico che, nell\u2019interesse del settore o su richiesta delle singole aziende, le venisse affidato dai propri organi.<\/p>\n<\/div><\/div><\/div><\/div><\/div>[\/vc_column][\/vc_row][vc_row][vc_column][vc_video link=&#8221;https:\/\/youtu.be\/0prWR9dwVV0&#8243; align=&#8221;center&#8221;][\/vc_column][\/vc_row][vc_row][vc_column]<div class=\"templatera_shortcode\"><\/div>[\/vc_column][\/vc_row]<\/p>\n<\/div>","protected":false},"excerpt":{"rendered":"Chi siamo ASSIOT &egrave; l&rsquo;Associazione italiana costruttori organi di trasmissione e ingranaggi. Costituita nel dicembre 1971 per iniziativa di alcune aziende del settore, ASSIOT rappresenta l&rsquo;industria italiana dei Sistemi di Trasmissione Movimento e Potenza con una rappresentativit&agrave; pari al 70% circa del settore. Con una produzione di oltre 9,7 miliardi di Euro, un mercato nazionale","protected":false},"author":2,"featured_media":0,"parent":0,"menu_order":0,"comment_status":"closed","ping_status":"closed","template":"","meta":{"_acf_changed":false,"footnotes":""},"class_list":["post-1254","page","type-page","status-publish","hentry"],"acf":[],"_links":{"self":[{"href":"https:\/\/federtec.it\/index.php?rest_route=\/wp\/v2\/pages\/1254","targetHints":{"allow":["GET"]}}],"collection":[{"href":"https:\/\/federtec.it\/index.php?rest_route=\/wp\/v2\/pages"}],"about":[{"href":"https:\/\/federtec.it\/index.php?rest_route=\/wp\/v2\/types\/page"}],"author":[{"embeddable":true,"href":"https:\/\/federtec.it\/index.php?rest_route=\/wp\/v2\/users\/2"}],"replies":[{"embeddable":true,"href":"https:\/\/federtec.it\/index.php?rest_route=%2Fwp%2Fv2%2Fcomments&post=1254"}],"version-history":[{"count":29,"href":"https:\/\/federtec.it\/index.php?rest_route=\/wp\/v2\/pages\/1254\/revisions"}],"predecessor-version":[{"id":7403,"href":"https:\/\/federtec.it\/index.php?rest_route=\/wp\/v2\/pages\/1254\/revisions\/7403"}],"wp:attachment":[{"href":"https:\/\/federtec.it\/index.php?rest_route=%2Fwp%2Fv2%2Fmedia&parent=1254"}],"curies":[{"name":"wp","href":"https:\/\/api.w.org\/{rel}","templated":true}]}}