{"id":1327,"date":"2019-11-28T14:47:21","date_gmt":"2019-11-28T14:47:21","guid":{"rendered":"https:\/\/federtec.it\/?page_id=1327"},"modified":"2023-07-25T15:24:49","modified_gmt":"2023-07-25T13:24:49","slug":"assofluid","status":"publish","type":"page","link":"https:\/\/federtec.it\/?page_id=1327","title":{"rendered":"ASSOFLUID"},"content":{"rendered":"<div class=\"wpb-content-wrapper\"><p>[vc_row full_width=&#8221;stretch_row&#8221; equal_height=&#8221;yes&#8221; disable_element=&#8221;yes&#8221; type=&#8221;image&#8221; bg_color=&#8221;rgba(46,204,0,0.2)&#8221; bg_attachment=&#8221;true&#8221; margin_top=&#8221;0&#8243; css=&#8221;.vc_custom_1594367826450{margin-top: -70px !important;padding-bottom: 36px !important;background-color: rgba(46,204,0,0.2) !important;*background-color: rgb(46,204,0) !important;}&#8221;][vc_column enable_sticky=&#8221;true&#8221; sticky_offset=&#8221;20&#8243;][vc_row_inner][vc_column_inner width=&#8221;1\/3&#8243;]<a href=\"https:\/\/federtec.it\/associazioni\/assofluid\/\" title=\"Assofluid\"  data-id=\"mpc_icon_column-9369f44eeaab02a\" class=\"mpc-icon-column mpc-init mpc-parent-hover mpc-transition mpc-icon-column--style_1 mpc-align--center \" ><div data-id=\"mpc_icon-9569f44eeaabd05\" class=\"mpc-icon mpc-init mpc-transition mpc-effect-slide-up mpc-icon-hover mpc-icon--image \"><div class=\"mpc-icon-wrap\"><i class=\"mpc-icon-part mpc-regular mpc-transition \"><img decoding=\"async\" class=\"\" src=\"https:\/\/federtec.it\/wp-content\/uploads\/marchio-assofluid-40x40.png\" width=\"40\" height=\"40\" alt=\"marchio-assofluid\" title=\"marchio-assofluid\" loading=\"lazy\" \/><\/i><i class=\"mpc-icon-part mpc-hover mpc-transition \"><img decoding=\"async\" class=\"\" src=\"https:\/\/federtec.it\/wp-content\/uploads\/marchio-assofluid-40x40.png\" width=\"40\" height=\"40\" alt=\"marchio-assofluid\" title=\"marchio-assofluid\" loading=\"lazy\" \/><\/i><\/div><\/div><div class=\"mpc-icon-column__content-wrap\"><div class=\"mpc-icon-column__content\"><h3 class=\"mpc-icon-column__heading mpc-typography--mpc_preset_22 mpc-transition\">Chi siamo<\/h3><\/div><\/div><\/a>[\/vc_column_inner][vc_column_inner width=&#8221;1\/3&#8243;]<a href=\"https:\/\/federtec.it\/associazioni\/assofluid\/struttura-assofluid\/\" title=\"Struttura Assofluid\"  data-id=\"mpc_icon_column-5869f44eeaabde1\" class=\"mpc-icon-column mpc-init mpc-parent-hover mpc-transition mpc-icon-column--style_1 mpc-align--center \" ><div data-id=\"mpc_icon-3469f44eeaabe26\" class=\"mpc-icon mpc-init mpc-transition mpc-effect-slide-up mpc-icon-hover \"><div class=\"mpc-icon-wrap\"><i class=\"mpc-icon-part mpc-regular mpc-transition  fa fa-sitemap\"><\/i><i class=\"mpc-icon-part mpc-hover mpc-transition  fa fa-sitemap\"><\/i><\/div><\/div><div class=\"mpc-icon-column__content-wrap\"><div class=\"mpc-icon-column__content\"><h3 class=\"mpc-icon-column__heading mpc-typography--mpc_preset_22 mpc-transition\">La Struttura<\/h3><\/div><\/div><\/a>[\/vc_column_inner][vc_column_inner width=&#8221;1\/3&#8243;]<a href=\"http:\/\/www.assofluid.it\/associati\" target=\"_blank\" title=\"Assofluid directory\"  data-id=\"mpc_icon_column-7869f44eeaabee3\" class=\"mpc-icon-column mpc-init mpc-parent-hover mpc-transition mpc-icon-column--style_1 mpc-align--center \" ><div data-id=\"mpc_icon-469f44eeaabf1d\" class=\"mpc-icon mpc-init mpc-transition mpc-effect-slide-up mpc-icon-hover \"><div class=\"mpc-icon-wrap\"><i class=\"mpc-icon-part mpc-regular mpc-transition  fa fa-industry\"><\/i><i class=\"mpc-icon-part mpc-hover mpc-transition  fa fa-industry\"><\/i><\/div><\/div><div class=\"mpc-icon-column__content-wrap\"><div class=\"mpc-icon-column__content\"><h3 class=\"mpc-icon-column__heading mpc-typography--mpc_preset_22 mpc-transition\">Associati<\/h3><\/div><\/div><\/a>[\/vc_column_inner][\/vc_row_inner][\/vc_column][\/vc_row][vc_row][vc_column width=&#8221;1\/2&#8243;][vc_column_text]<\/p>\n<h1>Chi siamo<\/h1>\n<p>[\/vc_column_text][vc_column_text]<\/p>\n<p class=\"testo\">ASSOFLUID \u00e8 l\u2019Associazione Italiana dei Costruttori ed Operatori del Settore Oleoidraulico e Pneumatico, con sede in Cinisello Balsamo (MI).<br \/>\nNegli anni \u201950 alcune aziende del settore avviarono un rapporto di collaborazione, partecipando poi nel 1962 alla costituzione del\u00a0<a href=\"http:\/\/www.cetop.org\/\" target=\"blank\" rel=\"noopener noreferrer\">CETOP<\/a>\u00a0&#8211; Comitato Europeo delle Trasmissioni Oleoidrauliche e Pneumatiche.<\/p>\n<p>Circa sei anni dopo, nel febbraio 1968, queste aziende decisero di unirsi in associazione fondando ASSOFLUID.<br \/>\nIn <strong>cinquantacinque anni<\/strong> di vita l\u2019associazione \u00e8 cresciuta moltissimo, passando dai 13 soci fondatori alle 180 aziende associate attuali, che rappresentano circa il 70% del mercato italiano.<\/p>\n<p class=\"p1\">Con una produzione di oltre 4,7 miliardi di Euro, un mercato nazionale di circa 2,8 miliardi di Euro, un giro d&#8217;affari complessivo di 6 miliardi di Euro e un numero di addetti complessivo di 27.000 unit\u00e0, la realt\u00e0 italiana della Potenza Fluida \u00e8 la quinta assoluta al mondo, dopo USA, Cina, Germania e Giappone.<\/p>\n<p class=\"p1\">Le Aziende di Assofluid si presentano come il meglio dell\u2019industria del settore ed esportano, oggi pi\u00f9 che mai, i propri prodotti in tutto il mondo, con il 66% della produzione nazionale esportata.<\/p>\n<p>ASSOFLUID nel rispetto delle linee di coordinamento e di indirizzo di FEDERTEC, ha lo scopo di tutelare e promuovere gli interessi tecnici ed economici dell\u2019intera filiera del settore fluid power.[\/vc_column_text][\/vc_column][vc_column width=&#8221;1\/2&#8243;][vc_column_text]In particolare si propone di:[\/vc_column_text]<div id=\"mpc_connected_icons-5069f44eeaabf6a\" class=\"mpc-connected-icons mpc-init mpc-transition \"  data-ci-cols=\"4\" data-target=\"icon\" data-layout=\"vertical\"><div class=\"mpc-connected-icons__line\"><span><\/span><\/div><div data-id=\"mpc_icon_column-1069f44eeaac0a2\" class=\"mpc-icon-column mpc-init mpc-parent-hover mpc-transition mpc-icon-column--style_3 mpc-align--left \" ><div data-id=\"mpc_icon-3269f44eeaac0e3\" class=\"mpc-icon mpc-init mpc-transition mpc-effect-none mpc-icon-hover \"><div class=\"mpc-icon-wrap\"><i class=\"mpc-icon-part mpc-regular mpc-transition  fa fa-check\"><\/i><i class=\"mpc-icon-part mpc-hover mpc-transition  fa fa-check\"><\/i><\/div><\/div><div class=\"mpc-icon-column__content-wrap\"><div class=\"mpc-icon-column__content\"><h3 class=\"mpc-icon-column__heading mpc-typography--mpc_preset_1 mpc-transition\">Riunire<\/h3><div class=\"mpc-icon-column__description mpc-typography--mpc_preset_44 mpc-transition\"><p>per la trattazione delle questioni di comune interesse, tutte le Aziende Associate o gruppi delle medesime;<\/p>\n<\/div><\/div><\/div><\/div><div data-id=\"mpc_icon_column-4869f44eeaac1c7\" class=\"mpc-icon-column mpc-init mpc-parent-hover mpc-transition mpc-icon-column--style_3 mpc-align--left \" ><div data-id=\"mpc_icon-4669f44eeaac1ff\" class=\"mpc-icon mpc-init mpc-transition mpc-effect-none mpc-icon-hover \"><div class=\"mpc-icon-wrap\"><i class=\"mpc-icon-part mpc-regular mpc-transition  fa fa-check\"><\/i><i class=\"mpc-icon-part mpc-hover mpc-transition  fa fa-check\"><\/i><\/div><\/div><div class=\"mpc-icon-column__content-wrap\"><div class=\"mpc-icon-column__content\"><h3 class=\"mpc-icon-column__heading mpc-typography--mpc_preset_1 mpc-transition\">Rappresentare<\/h3><div class=\"mpc-icon-column__description mpc-typography--mpc_preset_44 mpc-transition\"><p>le Aziende Associate presso Istituti, Enti, Organismi nazionali ed internazionali;<\/p>\n<\/div><\/div><\/div><\/div><div data-id=\"mpc_icon_column-569f44eeaac2c5\" class=\"mpc-icon-column mpc-init mpc-parent-hover mpc-transition mpc-icon-column--style_3 mpc-align--left \" ><div data-id=\"mpc_icon-7169f44eeaac2fe\" class=\"mpc-icon mpc-init mpc-transition mpc-effect-none mpc-icon-hover \"><div class=\"mpc-icon-wrap\"><i class=\"mpc-icon-part mpc-regular mpc-transition  fa fa-check\"><\/i><i class=\"mpc-icon-part mpc-hover mpc-transition  fa fa-check\"><\/i><\/div><\/div><div class=\"mpc-icon-column__content-wrap\"><div class=\"mpc-icon-column__content\"><h3 class=\"mpc-icon-column__heading mpc-typography--mpc_preset_1 mpc-transition\">Studiare e risolvere<\/h3><div class=\"mpc-icon-column__description mpc-typography--mpc_preset_44 mpc-transition\"><p>nell\u2019interesse delle Aziende Associate, problemi di carattere tecnico, economico e legislativo;<\/p>\n<\/div><\/div><\/div><\/div><div data-id=\"mpc_icon_column-3669f44eeaac3f9\" class=\"mpc-icon-column mpc-init mpc-parent-hover mpc-transition mpc-icon-column--style_3 mpc-align--left \" ><div data-id=\"mpc_icon-1669f44eeaac440\" class=\"mpc-icon mpc-init mpc-transition mpc-effect-none mpc-icon-hover \"><div class=\"mpc-icon-wrap\"><i class=\"mpc-icon-part mpc-regular mpc-transition  fa fa-check\"><\/i><i class=\"mpc-icon-part mpc-hover mpc-transition  fa fa-check\"><\/i><\/div><\/div><div class=\"mpc-icon-column__content-wrap\"><div class=\"mpc-icon-column__content\"><h3 class=\"mpc-icon-column__heading mpc-typography--mpc_preset_1 mpc-transition\">Favorire<\/h3><div class=\"mpc-icon-column__description mpc-typography--mpc_preset_44 mpc-transition\"><p>la conoscenza e la maggior diffusione delle tecniche del settore e dei prodotti costruiti dalle Aziende Associate facendosi anche promotrice di fiere, esposizioni e convegni sia in Italia che all\u2019estero;<\/p>\n<\/div><\/div><\/div><\/div><div data-id=\"mpc_icon_column-4469f44eeaac4f9\" class=\"mpc-icon-column mpc-init mpc-parent-hover mpc-transition mpc-icon-column--style_3 mpc-align--left \" ><div data-id=\"mpc_icon-6769f44eeaac52d\" class=\"mpc-icon mpc-init mpc-transition mpc-effect-none mpc-icon-hover \"><div class=\"mpc-icon-wrap\"><i class=\"mpc-icon-part mpc-regular mpc-transition  fa fa-check\"><\/i><i class=\"mpc-icon-part mpc-hover mpc-transition  fa fa-check\"><\/i><\/div><\/div><div class=\"mpc-icon-column__content-wrap\"><div class=\"mpc-icon-column__content\"><h3 class=\"mpc-icon-column__heading mpc-typography--mpc_preset_1 mpc-transition\">Sviluppare<\/h3><div class=\"mpc-icon-column__description mpc-typography--mpc_preset_44 mpc-transition\"><p>l\u2019istruzione tecnica e professionale sia mediante la pubblicazione di manuali, sia organizzando corsi didattici, sia promovendo ogni forma di collaborazione delle Aziende Associate con Istituti universitari, tecnici e scuole professionali;<\/p>\n<\/div><\/div><\/div><\/div><div data-id=\"mpc_icon_column-1169f44eeaac5d5\" class=\"mpc-icon-column mpc-init mpc-parent-hover mpc-transition mpc-icon-column--style_3 mpc-align--left \" ><div data-id=\"mpc_icon-5969f44eeaac606\" class=\"mpc-icon mpc-init mpc-transition mpc-effect-none mpc-icon-hover \"><div class=\"mpc-icon-wrap\"><i class=\"mpc-icon-part mpc-regular mpc-transition  fa fa-check\"><\/i><i class=\"mpc-icon-part mpc-hover mpc-transition  fa fa-check\"><\/i><\/div><\/div><div class=\"mpc-icon-column__content-wrap\"><div class=\"mpc-icon-column__content\"><h3 class=\"mpc-icon-column__heading mpc-typography--mpc_preset_1 mpc-transition\">Procedere<\/h3><div class=\"mpc-icon-column__description mpc-transition\"><p>alla raccolta ed all\u2019elaborazione di dati statistici, di informazioni economiche e di studi di mercato del settore.<\/p>\n<\/div><\/div><\/div><\/div><\/div>[\/vc_column][\/vc_row][vc_row][vc_column][vc_column_text]<div class=\"yrc-shell-cover yrc-single\" data-yrc-uid=\"69f44eeaac6e6\" data-yrc-channel=\"{&quot;meta&quot;:{&quot;user&quot;:&quot;Federtec social&quot;,&quot;channel&quot;:&quot;UCS87Wk-_nn_7cLOqoiEu5Zw&quot;,&quot;key&quot;:&quot;yrc_1568978567&quot;,&quot;apikey&quot;:&quot;AIzaSyCLYzx9e-Fknc0Mk1K0hDwF-zQj1wBwQeA&quot;,&quot;cache&quot;:&quot;30&quot;,&quot;channel_uploads&quot;:&quot;UUS87Wk-_nn_7cLOqoiEu5Zw&quot;,&quot;onlyonce&quot;:&quot;&quot;,&quot;tag&quot;:&quot;&quot;,&quot;per_page&quot;:&quot;22&quot;,&quot;maxv&quot;:&quot;500&quot;,&quot;ads&quot;:&quot;1&quot;,&quot;uid&quot;:&quot;69f44eeaac6e6&quot;,&quot;nocookie&quot;:&quot;&quot;,&quot;single&quot;:true},&quot;style&quot;:{&quot;colors&quot;:{&quot;item&quot;:{&quot;background&quot;:&quot;inherit&quot;},&quot;button&quot;:{&quot;background&quot;:&quot;#333&quot;,&quot;color&quot;:&quot;#fff&quot;},&quot;color&quot;:{&quot;text&quot;:&quot;#fff&quot;,&quot;link&quot;:&quot;inherit&quot;,&quot;menu&quot;:&quot;#000&quot;,&quot;meta&quot;:&quot;inherit&quot;}},&quot;theme&quot;:{&quot;videos&quot;:{&quot;style&quot;:&quot;__grid&quot;,&quot;thumb&quot;:[&quot;large&quot;,&quot;open&quot;],&quot;desc&quot;:&quot;1&quot;,&quot;carousel&quot;:{&quot;thumbs&quot;:&quot;4&quot;,&quot;thumbs_to_slide&quot;:&quot;2&quot;,&quot;spacing&quot;:&quot;8&quot;},&quot;carousel_nav&quot;:{&quot;modifier&quot;:&quot;__sides&quot;,&quot;position&quot;:&quot;left-none&quot;,&quot;location&quot;:&quot;prepend&quot;,&quot;background&quot;:&quot;#fff&quot;,&quot;color&quot;:&quot;#000&quot;,&quot;font_size&quot;:&quot;2&quot;,&quot;border_radius&quot;:&quot;0&quot;}},&quot;a&quot;:&quot;1&quot;},&quot;fit&quot;:&quot;false&quot;,&quot;playlists&quot;:&quot;&quot;,&quot;uploads&quot;:&quot;true&quot;,&quot;player_mode&quot;:&quot;0&quot;,&quot;truncate&quot;:&quot;1&quot;,&quot;banner&quot;:&quot;&quot;,&quot;thumb_margin&quot;:&quot;8&quot;,&quot;play_icon&quot;:&quot;all&quot;,&quot;youtube_play_icon&quot;:&quot;&quot;,&quot;thumb_image_size&quot;:&quot;medium&quot;,&quot;default_tab&quot;:&quot;uploads&quot;,&quot;sticky&quot;:{&quot;enable&quot;:&quot;&quot;,&quot;width&quot;:&quot;400&quot;,&quot;position&quot;:&quot;bottom-right&quot;,&quot;only_above&quot;:&quot;768&quot;,&quot;margin&quot;:&quot;12&quot;},&quot;player&quot;:{&quot;show_desc&quot;:&quot;&quot;,&quot;show_meta&quot;:&quot;&quot;},&quot;menu&quot;:&quot;1&quot;,&quot;rating_style&quot;:&quot;0&quot;,&quot;rtl&quot;:false}}\" data-yrc-setup=\"\"><\/div>\r\n\t\t\t<script data-cfasync=\"false\" type=\"text\/javascript\">\r\n\t\t\t\tif( !window.YRC ) var YRC = {Data:{}};\r\n\t\t\t\tYRC.Data[\"69f44eeaac6e6\"] = {\"video\":\"2tedazwtYRI\"};\r\n\t\t\t\t(function(){\r\n\t\t\t\t\tif(!YRC.loaded){\r\n\t\t\t\t\t    YRC.loaded = true;\r\n\t\t\t\t\t\tfunction YRC_Loader(){\r\n\t\t\t\t\t\t\t\/\/YRC.loaded = true;\r\n\t\t\t\t\t\t\tYRC.is_pro = false;\r\n\t\t\t\t\t\t\tYRC.is_pb = false;\r\n\t\t\t\t\t\t\tYRC.lang = {\"form\":{\"Videos\":\"Video\",\"Playlists\":\"Playlists\",\"Search\":\"Cerca\",\"Loading\":\"Loading\",\"more\":\"Carica altri\",\"Nothing_found\":\"Nothing found\",\"Prev\":\"Previous\",\"Next\":\"Next\",\"consent_statement\":\"Allow cookies?\",\"consent_button\":\"Allow\",\"consent_privacy_policy\":\"Privacy policy\"},\"fui\":{\"sort_by\":\"Sort by\",\"relevant\":\"Relevant\",\"latest\":\"Latest\",\"liked\":\"Liked\",\"title\":\"Title\",\"views\":\"Views\",\"duration\":\"Duration\",\"any\":\"Any\",\"_short\":\"Short\",\"medium\":\"Medium\",\"_long\":\"Long\",\"uploaded\":\"Uploaded\",\"all_time\":\"All time\",\"live_now\":\"Live Now\",\"today\":\"Today\",\"ago\":\"ago\",\"last\":\"Last\",\"day\":\"day\",\"days\":\"days\",\"week\":\"week\",\"weeks\":\"weeks\",\"month\":\"month\",\"months\":\"months\",\"year\":\"year\",\"years\":\"years\",\"older\":\"Older\",\"show_more\":\"Show More\",\"show_less\":\"Show Less\",\"reply\":\"REPLY\",\"view_replies\":\"View replies\",\"write_comment\":\"Write comment...\",\"billion\":\"B\",\"million\":\"M\",\"thousand\":\"K\",\"max_plain_number\":1000,\"wplocale\":\"it_IT\"}};\r\n\t\t\t\t\t\t\tYRC.is_admin = false;\r\n\t\t\t\t\t\t\tvar script = document.createElement(\"script\");\r\n\t\t\t\t\t\t\t\tscript.setAttribute(\"data-cfasync\", \"false\");\r\n\t\t\t\t\t\t\t\tscript.setAttribute(\"type\", \"text\/javascript\");\r\n\t\t\t\t\t\t\t\tscript.src = \"https:\/\/federtec.it\/wp-content\/plugins\/yourchannel\/js\/yrc.js?1.2.9\";\r\n\t\t\t\t\t\t\t\tscript.id = \"yrc-script\";\r\n\t\t\t\t\t\t\t\tdocument.querySelector(\"head\").appendChild(script);\r\n\t\t\t\t\t\t\tvar style = document.createElement(\"link\");\r\n\t\t\t\t\t\t\t\tstyle.rel = \"stylesheet\";\r\n\t\t\t\t\t\t\t\tstyle.href = \"https:\/\/federtec.it\/wp-content\/plugins\/yourchannel\/css\/style.css?1.2.9\";\r\n\t\t\t\t\t\t\t\tstyle.type = \"text\/css\";\r\n\t\t\t\t\t\t\t\tdocument.querySelector(\"head\").appendChild(style);\r\n\t\t\t\t\t\t}\r\n\t\t\t\t\t\tif(window.jQuery){YRC_Loader();}else { var yrctimer2324 = window.setInterval(function(){\r\n\t\t\t\t\t\t\tif(window.jQuery){YRC_Loader(); window.clearInterval(yrctimer2324); }\r\n\t\t\t\t\t\t}, 250);}\r\n\t\t\t\t\t} else {if(YRC.EM)YRC.EM.trigger(\"yrc.newchannel\");}\r\n\t\t\t\t}());<\/script>[\/vc_column_text][\/vc_column][\/vc_row][vc_row][vc_column][vc_column_text]<div class=\"yrc-shell-cover yrc-single\" data-yrc-uid=\"69f44eeaaca62\" data-yrc-channel=\"{&quot;meta&quot;:{&quot;user&quot;:&quot;Federtec social&quot;,&quot;channel&quot;:&quot;UCS87Wk-_nn_7cLOqoiEu5Zw&quot;,&quot;key&quot;:&quot;yrc_1568978567&quot;,&quot;apikey&quot;:&quot;AIzaSyCLYzx9e-Fknc0Mk1K0hDwF-zQj1wBwQeA&quot;,&quot;cache&quot;:&quot;30&quot;,&quot;channel_uploads&quot;:&quot;UUS87Wk-_nn_7cLOqoiEu5Zw&quot;,&quot;onlyonce&quot;:&quot;&quot;,&quot;tag&quot;:&quot;&quot;,&quot;per_page&quot;:&quot;22&quot;,&quot;maxv&quot;:&quot;500&quot;,&quot;ads&quot;:&quot;1&quot;,&quot;uid&quot;:&quot;69f44eeaaca62&quot;,&quot;nocookie&quot;:&quot;&quot;,&quot;single&quot;:true},&quot;style&quot;:{&quot;colors&quot;:{&quot;item&quot;:{&quot;background&quot;:&quot;inherit&quot;},&quot;button&quot;:{&quot;background&quot;:&quot;#333&quot;,&quot;color&quot;:&quot;#fff&quot;},&quot;color&quot;:{&quot;text&quot;:&quot;#fff&quot;,&quot;link&quot;:&quot;inherit&quot;,&quot;menu&quot;:&quot;#000&quot;,&quot;meta&quot;:&quot;inherit&quot;}},&quot;theme&quot;:{&quot;videos&quot;:{&quot;style&quot;:&quot;__grid&quot;,&quot;thumb&quot;:[&quot;large&quot;,&quot;open&quot;],&quot;desc&quot;:&quot;1&quot;,&quot;carousel&quot;:{&quot;thumbs&quot;:&quot;4&quot;,&quot;thumbs_to_slide&quot;:&quot;2&quot;,&quot;spacing&quot;:&quot;8&quot;},&quot;carousel_nav&quot;:{&quot;modifier&quot;:&quot;__sides&quot;,&quot;position&quot;:&quot;left-none&quot;,&quot;location&quot;:&quot;prepend&quot;,&quot;background&quot;:&quot;#fff&quot;,&quot;color&quot;:&quot;#000&quot;,&quot;font_size&quot;:&quot;2&quot;,&quot;border_radius&quot;:&quot;0&quot;}},&quot;a&quot;:&quot;1&quot;},&quot;fit&quot;:&quot;false&quot;,&quot;playlists&quot;:&quot;&quot;,&quot;uploads&quot;:&quot;true&quot;,&quot;player_mode&quot;:&quot;0&quot;,&quot;truncate&quot;:&quot;1&quot;,&quot;banner&quot;:&quot;&quot;,&quot;thumb_margin&quot;:&quot;8&quot;,&quot;play_icon&quot;:&quot;all&quot;,&quot;youtube_play_icon&quot;:&quot;&quot;,&quot;thumb_image_size&quot;:&quot;medium&quot;,&quot;default_tab&quot;:&quot;uploads&quot;,&quot;sticky&quot;:{&quot;enable&quot;:&quot;&quot;,&quot;width&quot;:&quot;400&quot;,&quot;position&quot;:&quot;bottom-right&quot;,&quot;only_above&quot;:&quot;768&quot;,&quot;margin&quot;:&quot;12&quot;},&quot;player&quot;:{&quot;show_desc&quot;:&quot;&quot;,&quot;show_meta&quot;:&quot;&quot;},&quot;menu&quot;:&quot;1&quot;,&quot;rating_style&quot;:&quot;0&quot;,&quot;rtl&quot;:false}}\" data-yrc-setup=\"\"><\/div>\r\n\t\t\t<script data-cfasync=\"false\" type=\"text\/javascript\">\r\n\t\t\t\tif( !window.YRC ) var YRC = {Data:{}};\r\n\t\t\t\tYRC.Data[\"69f44eeaaca62\"] = {\"video\":\"sFv5-e2TvAA\"};\r\n\t\t\t\t(function(){\r\n\t\t\t\t\tif(!YRC.loaded){\r\n\t\t\t\t\t    YRC.loaded = true;\r\n\t\t\t\t\t\tfunction YRC_Loader(){\r\n\t\t\t\t\t\t\t\/\/YRC.loaded = true;\r\n\t\t\t\t\t\t\tYRC.is_pro = false;\r\n\t\t\t\t\t\t\tYRC.is_pb = false;\r\n\t\t\t\t\t\t\tYRC.lang = {\"form\":{\"Videos\":\"Video\",\"Playlists\":\"Playlists\",\"Search\":\"Cerca\",\"Loading\":\"Loading\",\"more\":\"Carica altri\",\"Nothing_found\":\"Nothing found\",\"Prev\":\"Previous\",\"Next\":\"Next\",\"consent_statement\":\"Allow cookies?\",\"consent_button\":\"Allow\",\"consent_privacy_policy\":\"Privacy policy\"},\"fui\":{\"sort_by\":\"Sort by\",\"relevant\":\"Relevant\",\"latest\":\"Latest\",\"liked\":\"Liked\",\"title\":\"Title\",\"views\":\"Views\",\"duration\":\"Duration\",\"any\":\"Any\",\"_short\":\"Short\",\"medium\":\"Medium\",\"_long\":\"Long\",\"uploaded\":\"Uploaded\",\"all_time\":\"All time\",\"live_now\":\"Live Now\",\"today\":\"Today\",\"ago\":\"ago\",\"last\":\"Last\",\"day\":\"day\",\"days\":\"days\",\"week\":\"week\",\"weeks\":\"weeks\",\"month\":\"month\",\"months\":\"months\",\"year\":\"year\",\"years\":\"years\",\"older\":\"Older\",\"show_more\":\"Show More\",\"show_less\":\"Show Less\",\"reply\":\"REPLY\",\"view_replies\":\"View replies\",\"write_comment\":\"Write comment...\",\"billion\":\"B\",\"million\":\"M\",\"thousand\":\"K\",\"max_plain_number\":1000,\"wplocale\":\"it_IT\"}};\r\n\t\t\t\t\t\t\tYRC.is_admin = false;\r\n\t\t\t\t\t\t\tvar script = document.createElement(\"script\");\r\n\t\t\t\t\t\t\t\tscript.setAttribute(\"data-cfasync\", \"false\");\r\n\t\t\t\t\t\t\t\tscript.setAttribute(\"type\", \"text\/javascript\");\r\n\t\t\t\t\t\t\t\tscript.src = \"https:\/\/federtec.it\/wp-content\/plugins\/yourchannel\/js\/yrc.js?1.2.9\";\r\n\t\t\t\t\t\t\t\tscript.id = \"yrc-script\";\r\n\t\t\t\t\t\t\t\tdocument.querySelector(\"head\").appendChild(script);\r\n\t\t\t\t\t\t\tvar style = document.createElement(\"link\");\r\n\t\t\t\t\t\t\t\tstyle.rel = \"stylesheet\";\r\n\t\t\t\t\t\t\t\tstyle.href = \"https:\/\/federtec.it\/wp-content\/plugins\/yourchannel\/css\/style.css?1.2.9\";\r\n\t\t\t\t\t\t\t\tstyle.type = \"text\/css\";\r\n\t\t\t\t\t\t\t\tdocument.querySelector(\"head\").appendChild(style);\r\n\t\t\t\t\t\t}\r\n\t\t\t\t\t\tif(window.jQuery){YRC_Loader();}else { var yrctimer2324 = window.setInterval(function(){\r\n\t\t\t\t\t\t\tif(window.jQuery){YRC_Loader(); window.clearInterval(yrctimer2324); }\r\n\t\t\t\t\t\t}, 250);}\r\n\t\t\t\t\t} else {if(YRC.EM)YRC.EM.trigger(\"yrc.newchannel\");}\r\n\t\t\t\t}());<\/script>[\/vc_column_text][\/vc_column][\/vc_row][vc_row][vc_column]<div class=\"templatera_shortcode\"><\/div>[\/vc_column][\/vc_row]<\/p>\n<\/div>","protected":false},"excerpt":{"rendered":"Chi siamo ASSOFLUID &egrave; l&rsquo;Associazione Italiana dei Costruttori ed Operatori del Settore Oleoidraulico e Pneumatico, con sede in Cinisello Balsamo (MI). Negli anni &rsquo;50 alcune aziende del settore avviarono un rapporto di collaborazione, partecipando poi nel 1962 alla costituzione del&nbsp;CETOP&nbsp;- Comitato Europeo delle Trasmissioni Oleoidrauliche e Pneumatiche. Circa sei anni dopo, nel febbraio 1968, queste","protected":false},"author":2,"featured_media":0,"parent":0,"menu_order":0,"comment_status":"closed","ping_status":"closed","template":"","meta":{"_acf_changed":false,"footnotes":""},"class_list":["post-1327","page","type-page","status-publish","hentry"],"acf":[],"_links":{"self":[{"href":"https:\/\/federtec.it\/index.php?rest_route=\/wp\/v2\/pages\/1327","targetHints":{"allow":["GET"]}}],"collection":[{"href":"https:\/\/federtec.it\/index.php?rest_route=\/wp\/v2\/pages"}],"about":[{"href":"https:\/\/federtec.it\/index.php?rest_route=\/wp\/v2\/types\/page"}],"author":[{"embeddable":true,"href":"https:\/\/federtec.it\/index.php?rest_route=\/wp\/v2\/users\/2"}],"replies":[{"embeddable":true,"href":"https:\/\/federtec.it\/index.php?rest_route=%2Fwp%2Fv2%2Fcomments&post=1327"}],"version-history":[{"count":17,"href":"https:\/\/federtec.it\/index.php?rest_route=\/wp\/v2\/pages\/1327\/revisions"}],"predecessor-version":[{"id":7394,"href":"https:\/\/federtec.it\/index.php?rest_route=\/wp\/v2\/pages\/1327\/revisions\/7394"}],"wp:attachment":[{"href":"https:\/\/federtec.it\/index.php?rest_route=%2Fwp%2Fv2%2Fmedia&parent=1327"}],"curies":[{"name":"wp","href":"https:\/\/api.w.org\/{rel}","templated":true}]}}