{"id":3517,"date":"2020-09-03T10:05:31","date_gmt":"2020-09-03T10:05:31","guid":{"rendered":"https:\/\/federtec.it\/?page_id=3517"},"modified":"2026-04-22T11:41:41","modified_gmt":"2026-04-22T09:41:41","slug":"federtec-academy","status":"publish","type":"page","link":"https:\/\/federtec.it\/?page_id=3517","title":{"rendered":"FEDERTEC Academy"},"content":{"rendered":"<div class=\"wpb-content-wrapper\"><p>[vc_row][vc_column width=&#8221;1\/4&#8243;][\/vc_column][vc_column width=&#8221;1\/2&#8243;][vc_single_image image=&#8221;9510&#8243; img_size=&#8221;large&#8221; alignment=&#8221;center&#8221; css=&#8221;&#8221;][\/vc_column][vc_column width=&#8221;1\/4&#8243;][\/vc_column][\/vc_row][vc_row][vc_column][vc_column_text css=&#8221;&#8221;]<\/p>\n<h3 style=\"text-align: center;\">FEDERTEC organizza e propone corsi di formazione di natura tecnica e commerciale specifici per il settore,<br \/>\nistituiti in collaborazione con esperti docenti provenienti dal mondo dell\u2019industria e accademico nonch\u00e9 da consulenti specializzati, per meglio affrontare le sfide che il mercato pone quotidianamente.<\/h3>\n<h3 style=\"text-align: center;\"><strong><a href=\"https:\/\/federtec.it\/wp-content\/uploads\/FEDERTEC_brochure-academy_2026.pdf\" target=\"_blank\" rel=\"noopener\">Brochure corsi FEDERTEC ACADEMY 2026<\/a><\/strong><\/h3>\n<p>[\/vc_column_text][\/vc_column][\/vc_row][vc_row][vc_column width=&#8221;1\/2&#8243;][vc_column_text css=&#8221;&#8221;]&#8221;<strong>Condizioni generali di contratto &#8211; 17 marzo 2026<\/strong><\/p>\n<p>Il negoziatore vincente \u00e8 chi comprende il processo negoziale, sviluppa le proprie strategie, utilizza le migliori tecniche e gestisce la trattativa per ottenere il successo nella negoziazione.<br \/>\nIl corso offre l\u2019opportunit\u00e0 di praticare e sperimentare attraverso esercizi, casi negoziali e Role Play, le migliori strategie e tecniche per definire i target negoziali e migliorare le performance nella trattativa d\u2019acquisto.<br \/>\n\u00c8 rivolto a professionisti degli acquisti che desiderano sviluppare e migliorare le proprie competenze e tecniche negoziali.<\/p>\n<p><a href=\"https:\/\/federtec.it\/wp-content\/uploads\/FEDERTEC_Le-condizioni-generali-di-contratto.pdf\" target=\"_blank\" rel=\"noopener\">PROGRAMA\u00a0<\/a>[\/vc_column_text][\/vc_column][vc_column width=&#8221;1\/2&#8243;][vc_video link=&#8221;https:\/\/youtu.be\/OyVnn7x0V3w&#8221; el_width=&#8221;60&#8243; align=&#8221;center&#8221; css=&#8221;&#8221;][\/vc_column][\/vc_row][vc_row][vc_column width=&#8221;1\/2&#8243;][vc_column_text css=&#8221;&#8221;]<strong>&#8220;Differenza tra vendita, appalto e contratto d&#8217;opera&#8221;-\u00a0 21 aprile 2026<\/strong><\/p>\n<p>Il corso mira ad approfondire la disciplina dell\u2019appalto, del contratto d\u2019opera e del contratto di vendita,<br \/>\nevidenziandone le differenze, gli ambiti applicativi e le ricadute operative per le imprese.<br \/>\n\u00c8 rivolto a imprenditori, responsabili commerciali e acquisti che operano in ambito B2B e che intendono prevenire errori di impostazione contrattuale, ridurre il rischio di contenzioso e rafforzare la tutela dell\u2019azienda.<br \/>\nIl taglio del corso \u00e8 pratico: ogni istituto sar\u00e0 analizzato attraverso esempi concreti e casi reali. Verranno in particolare analizzate le clausole contrattuali di maggiore rilievo al fine di accrescere la consapevolezza dei partecipanti in merito ai profili qualificatori dei diversi istituti contrattuali, alla<br \/>\ncorretta ripartizione dei rischi tra le parti e alle principali criticit\u00e0 applicative, anche con riferimento a garanzie, vizi e difetti, responsabilit\u00e0, inadempimenti e strumenti di tutela.<\/p>\n<p><a href=\"https:\/\/federtec.it\/wp-content\/uploads\/FEDERTEC_Vendita_appalto-e-contratto-dopera.pdf\" target=\"_blank\" rel=\"noopener\"><strong>PROGRAMMA<\/strong><\/a>[\/vc_column_text][\/vc_column][\/vc_row][vc_row][vc_column width=&#8221;1\/2&#8243;][vc_column_text css=&#8221;&#8221;]&#8221;<strong>Negoziare con profitto<\/strong>&#8221; &#8211; <strong>28 e 29 aprile 2026<\/strong><\/p>\n<p>Il corso \u00e8 rivolto a professionisti degli acquisti che desiderano sviluppare e migliorare le proprie competenze e tecniche negoziali nella trattativa d\u2019acquisto e sar\u00e0 suddiviso in quattro sessioni pomeridiane di quattro ore ciascuna.<\/p>\n<p><a href=\"https:\/\/federtec.it\/wp-content\/uploads\/FEDERTEC_Negoziare-con-profitto.pdf\" target=\"_blank\" rel=\"noopener\"><strong>PROGRAMMA<\/strong><\/a>[\/vc_column_text][\/vc_column][vc_column width=&#8221;1\/2&#8243;][vc_video link=&#8221;https:\/\/youtu.be\/uRtyXDDhGgE?feature=shared&#8221; el_width=&#8221;60&#8243; align=&#8221;center&#8221;][\/vc_column][\/vc_row][vc_row][vc_column width=&#8221;1\/2&#8243;][vc_column_text css=&#8221;&#8221;]&#8221;<strong>Vendere e comunicare&#8221; 5 maggio &#8211; 27 maggio &#8211; 24 giugno 2026<\/strong><\/p>\n<p>Il corso suddiviso in 3 giornate intervallate, tratta i seguenti argomenti:<\/p>\n<ul>\n<li>Rafforzare l&#8217;efficacia nella comunicazione in fase di approccio, analisi, ascolto e guida<\/li>\n<li>Gestire la relazione telefonica e la videocall<\/li>\n<li>Personalizzare le soluzioni offerte al cliente, affinch\u00e8 siano percepite come ideali per lui<\/li>\n<li>Essere attivi nel processo di fidelizzazione nel tempo del cliente<\/li>\n<li>Saper essere incisivi nella fase finale della trattativa<\/li>\n<\/ul>\n<p><a href=\"https:\/\/federtec.it\/wp-content\/uploads\/FEDERTEC_moduli_academy26_Vendere-e-comunicare_V3.pdf\" target=\"_blank\" rel=\"noopener\"><strong>PROGRAMMA<\/strong><\/a>[\/vc_column_text][\/vc_column][vc_column width=&#8221;1\/2&#8243;][vc_video link=&#8221;https:\/\/youtu.be\/5jBkWWtAmIg&#8221; el_width=&#8221;60&#8243; align=&#8221;center&#8221;][\/vc_column][\/vc_row][vc_row][vc_column width=&#8221;1\/2&#8243;][vc_column_text css=&#8221;&#8221;]<strong>&#8220;Rettifica denti&#8221; &#8211; 6 maggio 2026<\/strong><\/p>\n<p>Il corso, collaborazione con Tyrolit, \u00e8 strutturato per accompagnare i partecipanti in un percorso volto ad aumentare la padronanza dei processi di rettifica denti. E\u2019 indirizzato a chi opera sul campo a stretto contatto con le lavorazioni, come tecnologi e operatori di processo.<\/p>\n<p><a href=\"https:\/\/federtec.it\/wp-content\/uploads\/FEDERTEC_Rettifica-denti.pdf\" target=\"_blank\" rel=\"noopener\"><strong>PROGRAMMA<\/strong>\u00a0<\/a>[\/vc_column_text][\/vc_column][vc_column width=&#8221;1\/2&#8243;][vc_video link=&#8221;https:\/\/youtu.be\/6RJsTunzDxY&#8221; el_width=&#8221;60&#8243; align=&#8221;center&#8221;][\/vc_column][\/vc_row][vc_row][vc_column width=&#8221;1\/2&#8243;][vc_column_text css=&#8221;&#8221;]<strong>&#8220;Lo shot peening e le tensioni residue&#8221;- 12 maggio 2026<\/strong><\/p>\n<p>Il corso, in collaborazione con Peen Service, introduce e approfondisce il vasto mondo dello shot peening ovvero della pallinatura controllata e delle tensioni residue. Lo shot peening \u00e8 un processo speciale che ha lo scopo di incrementare la resistenza alla fatica meccanica. Le tensioni residue, derivanti dai vari processi produttivi, sono fortemente correlate al tema della resistenza a fatica dei componenti meccanici e possono avere effetti positivi o negativi sulla vita a fatica dei componenti. Le tensioni residue sono uno degli effetti benefici dello shot peening e saranno approfondite in una sezione apposita del corso stesso.<\/p>\n<p><strong><a href=\"https:\/\/federtec.it\/wp-content\/uploads\/FEDERTEC_Shot-Peening.pdf\" target=\"_blank\" rel=\"noopener\">PROGRAMMA<\/a><\/strong>[\/vc_column_text][\/vc_column][vc_column width=&#8221;1\/2&#8243;][vc_video link=&#8221;https:\/\/youtu.be\/jd22Km8Jz8Q&#8221; el_width=&#8221;60&#8243; align=&#8221;center&#8221;][\/vc_column][\/vc_row][vc_row][vc_column width=&#8221;1\/2&#8243;][vc_column_text css=&#8221;&#8221;]<strong>&#8220;La tutela del credito&#8221;-\u00a0 19 maggio 2026<\/strong><\/p>\n<p>Il corso \u00e8 finalizzato ad approfondire i principali profili giuridici che regolano il credito nei rapporti commerciali, al fine di consentire all\u2019azienda di prevenire situazioni di rischio e di assumere decisioni consapevoli in presenza di inadempimenti. Particolare attenzione sar\u00e0 dedicata alle diverse forme di tutela del credito \u2013 dalla gestione stragiudiziale agli strumenti giudiziali\u2013 cos\u00ec da permettere all\u2019impresa di valutare in modo consapevole tempi, costi ed effetti delle scelte intraprese.<br \/>\nIl corso \u00e8 rivolto a imprenditori, responsabili amministrativi e finanziari, responsabili commerciali e addetti alla gestione del credito che operano in ambito B2B e che intendono rafforzare la capacit\u00e0 dell\u2019impresa di prevenire il rischio di insolvenza e di intervenire tempestivamente in caso di ritardi nei pagamenti. Il taglio del corso \u00e8 pratico: l\u2019inquadramento teorico sar\u00e0 costantemente affiancato dall\u2019analisi di casi concreti e situazioni ricorrenti nella prassi commerciale, cos\u00ec da collegare i principi giuridici alle dinamiche operative della realt\u00e0 d\u2019impresa.<\/p>\n<p><a href=\"https:\/\/federtec.it\/wp-content\/uploads\/FEDERTEC_La-tutela-del-credito.pdf\" target=\"_blank\" rel=\"noopener\"><strong>PROGRAMMA<\/strong><\/a>[\/vc_column_text][\/vc_column][\/vc_row][vc_row][vc_column width=&#8221;1\/2&#8243;][vc_column_text css=&#8221;&#8221;]<\/p>\n<h3 style=\"text-align: left;\">Catalogo corsi FEDERTEC Academy (da calendarizzare)<\/h3>\n<h3 style=\"text-align: center;\"><\/h3>\n<p>[\/vc_column_text][vc_column_text css=&#8221;&#8221;]<strong>&#8220;La lavorazione degli ingranaggi cilindrici&#8221;<\/strong><\/p>\n<p>Il corso \u00e8 particolarmente indicato per progettisti e operatori di produzione del settore, ha carattere di base ed \u00e8 rivolto a tutti coloro che intendono approfondire le conoscenze sulle tecnologie di lavorazione degli ingranaggi, in modo da acquisire elementi aggiuntivi ed aggiornati da utilizzare nell&#8217;ambito della loro attivit\u00e0.<\/p>\n<p>[\/vc_column_text][\/vc_column][\/vc_row][vc_row][vc_column width=&#8221;1\/2&#8243;][vc_column_text css=&#8221;&#8221;]<strong>&#8220;Corso di approfondimento livello avanzato OLEODINAMICA INDUSTRIALE&#8221;<\/strong><\/p>\n<p>Il corso si rivolge a personale tecnico di progettazione, installazione, manutenzione di impianti oleodinamici che abbia gi\u00e0 acquisito concetti e conoscenza di oleodinamica approfonditi (corso IH2).<\/p>\n<p>E\u2019 prevista una sessione pratica con utilizzo di banchi prova didattici e montaggio di componenti. Al termine del corso \u00e8 previsto un test in preparazione alla certificazione CETOP IH3.<\/p>\n<p>[\/vc_column_text][\/vc_column][\/vc_row][vc_row][vc_column width=&#8221;1\/2&#8243;][vc_column_text css=&#8221;&#8221;]&#8221;<strong>Controllo geometrico dei denti degli ingranaggi cilindrici&#8221;<\/strong><\/p>\n<p>Il corso, in collaborazione con Carl Zeiss in modalit\u00e0 smart learning \u00e8 concepito per tecnici e progettisti, del settore meccanico, che abbiano la necessit\u00e0 di un\u2019informazione a carattere di base sul controllo geometrico dei denti degli ingranaggi e si rivolge in particolare, a tutti coloro che intendano approfondire le conoscenze sulla qualit\u00e0 degli ingranaggi e sulla loro certificazione.<\/p>\n<p>[\/vc_column_text][\/vc_column][vc_column width=&#8221;1\/2&#8243;][vc_video link=&#8221;https:\/\/youtu.be\/CbWFBW-2lBk?si=Un10WXGgjhna9v9u&#8221; el_width=&#8221;60&#8243; align=&#8221;center&#8221; css=&#8221;&#8221;][\/vc_column][\/vc_row][vc_row][vc_column width=&#8221;1\/2&#8243;][vc_column_text css=&#8221;&#8221;]<strong>&#8220;Acquistare le lavorazioni meccaniche a prezzo target&#8221;\u00a0<\/strong><\/p>\n<p>Gli obiettivi sono:\u00a0 Conoscere i fattori quantitativi e i parametri di costo che concorrono alla determinazione del prezzo di acquisto delle lavorazioni meccaniche<br \/>\n\u2022 Utilizzare le tecniche pi\u00f9 avanzate di analisi dei driver di costo delle forniture di lavorazioni meccaniche, per poterle gestire al meglio<br \/>\n\u2022 Familiarizzare con le tecniche di analisi dei cost driver delle forniture<\/p>\n<p>[\/vc_column_text][\/vc_column][\/vc_row][vc_row][vc_column width=&#8221;1\/2&#8243;][vc_column_text css=&#8221;&#8221;]<strong>&#8220;Corso di approfondimento livello intermedio OLEODINAMICA INDUSTRIALE&#8221;\u00a0<\/strong><\/p>\n<p>Il corso, in collaborazione con DANFOSS, si rivolge a personale tecnico di progettazione, installazione, manutenzione di impianti oleodinamici che abbia gi\u00e0 acquisito concetti e conoscenza di una formazione base (corso H1).<\/p>\n<p>E\u2019 prevista una sessione pratica con utilizzo di banchi prova didattici e montaggio di componenti. Al termine del corso \u00e8 previsto un test in preparazione alla certificazione CETOP IH2<\/p>\n<p>[\/vc_column_text][\/vc_column][\/vc_row][vc_row][vc_column width=&#8221;1\/2&#8243;][vc_column_text css=&#8221;&#8221;]<strong>&#8220;Corso di approfondimento livello intermedio OLEODINAMICA PER APPLICAZIONI MOBILI&#8221;\u00a0<\/strong><\/p>\n<p>Il corso, in collaborazione con DANFOSS, si rivolge a personale tecnico di progettazione, installazione, manutenzione di impianti oleodinamici che abbia gi\u00e0 acquisito concetti e conoscenza di una formazione base (corso H1).<\/p>\n<p>E\u2019 prevista una sessione pratica con utilizzo di banchi prova didattici e montaggio di componenti. Al termine del corso \u00e8 previsto un test di verifica apprendimento propedeutico alla preparazione alla certificazione Cetop MH2.<\/p>\n<p>[\/vc_column_text][\/vc_column][\/vc_row][vc_row][vc_column width=&#8221;1\/2&#8243;][vc_column_text css=&#8221;&#8221;]<strong>&#8220;Corso di formazione per tecnici-commerciali&#8221;\u00a0<\/strong><\/p>\n<p>Il corso \u00e8 dedicato a tutte le aziende che producono componenti e sistemi nel settore rappresentato da FEDERTEC, sia su commessa che a catalogo, e offre una vasta gamma di suggerimenti e raccomandazioni basata sull\u2019esperienza pratica sul campo al fine di rendere il rapporto cliente-fornitore solido e stabile nel tempo e lavorare in modo efficiente al servizio del team aziendale.[\/vc_column_text][\/vc_column][vc_column width=&#8221;1\/2&#8243;][vc_video link=&#8221;https:\/\/youtu.be\/T69zKyITNjY&#8221; el_width=&#8221;60&#8243; align=&#8221;center&#8221;][\/vc_column][\/vc_row][vc_row][vc_column width=&#8221;1\/2&#8243;][vc_column_text css=&#8221;&#8221;]<strong>&#8220;Corso base Oleoidraulica&#8221;\u00a0<\/strong><\/p>\n<p>Il corso, in collaborazione con Danfoss, \u00e8 strutturato per consentire un approccio molto semplice e intuitivo all\u2019oleodinamica. L\u2019obiettivo del corso \u00e8 fornire una formazione di base a chi si affaccia per la prima volta all\u2019oleodinamica. Il corso \u00e8 rivolto a personale tecnico di progettazione impianti, agli installatori e al personale incaricato della messa in funzione. Chi opera sui sistemi oleodinamici deve saper leggere gli schemi e individuare le situazioni di potenziale pericolo. Questo corso rappresenta la base di partenza per poter intraprendere i successivi corsi di livello superiore organizzati da FEDERTEC. Al termine del corso \u00e8 previsto un test in preparazione alla certificazione CETOP H1<\/p>\n<p>[\/vc_column_text][\/vc_column][\/vc_row][vc_row][vc_column width=&#8221;1\/2&#8243;][vc_column_text css=&#8221;&#8221;]&#8221;<strong>Additive Manufacturing nella Trasmissione di Potenza fluida e meccanica<\/strong>&#8221; in collaborazione con Aidro Srl\u00a0 e il patrocinio di AITA &#8211; Associazione Italiana Tecnologie Additive<\/p>\n<p>Il corso e\u0300 concepito come introduzione alle tecnologie dell\u2019additive manufacturing metallico, con un focus specifico su applicazioni nell\u2019ambito della trasmissione di potenza fluida e meccanica. E&#8217; suddiviso in due sessioni pomeridiane, di cui la prima in remoto e la seconda in presenza.<\/p>\n<p>Nell\u2019arco\u00a0delle due giornate si tratteranno temi quali: i principi dell&#8217;Additive Manufacturing metallico, le fasi\u00a0di progettazione e i casi applicativi, le fasi di finitura, la qualificazione e\u00a0la\u00a0certificazione di processo.<\/p>\n<p>Si effettuer\u00e0 inoltre una visita al reparto di produzione di Aidro, azienda associata FEDERTEC, ove si potranno &#8220;toccare con mano&#8221; due tecnologie di stampa 3D a metallo diverse: fusione laser su letto di polvere e metal binder jetting. Durante il corso saranno presentati alcuni casi di studio.<\/p>\n<p>[\/vc_column_text][\/vc_column][\/vc_row][vc_row][vc_column width=&#8221;1\/2&#8243;][vc_column_text css=&#8221;&#8221;]<strong>&#8220;Strumenti e tecniche di miglioramento dell\u2019efficienza globale d\u2019impianto (O.E.E.)&#8221;\u00a0<\/strong><\/p>\n<p>Il corso affronta come gestire e migliorare le performance di impianto\/linea, analizzando tutti gli strumenti e metodi disponibili per migliorare le prestazioni delle linee\/impianti, valutando inoltre le modalit\u00e0 (come e quando) per applicarle efficacemente. \u00c8 rivolto a direttori di stabilimento, responsabili di produzione, capi reparto\/capi linea, analisti e ingegneri di produzione, tecnici e responsabili industrializzazione di processo.<\/p>\n<p>[\/vc_column_text][\/vc_column][vc_column width=&#8221;1\/2&#8243;][vc_video link=&#8221;https:\/\/youtu.be\/vTKuHHgC3zs&#8221; el_width=&#8221;60&#8243; align=&#8221;center&#8221;][\/vc_column][\/vc_row][vc_row][vc_column width=&#8221;1\/2&#8243;][vc_column_text css=&#8221;&#8221;]<strong>\u00a0<\/strong><strong>&#8220;Fonderie di ghisa &#8211; Terminologia e processo di fabbricazione dei getti&#8221;\u00a0<\/strong><\/p>\n<p>Il corso, in collaborazione con Fonderie Mora\u00a0 \u00e8 rivolto a nuove risorse aziendali e al personale commerciale che si dedica alla vendita di getti di ghisa. E&#8217; prevista anche la visita alla fonderia.<\/p>\n<p>[\/vc_column_text][\/vc_column][vc_column width=&#8221;1\/2&#8243;][vc_video link=&#8221;https:\/\/youtu.be\/ZPl68rNkY3Y?si=b95r6BymySGLlQp9&#8243; el_width=&#8221;60&#8243; align=&#8221;center&#8221;][\/vc_column][\/vc_row][vc_row][vc_column width=&#8221;1\/2&#8243;][vc_column_text css=&#8221;&#8221;]<strong>L&#8217;ABC dell&#8217;Ingranaggio<\/strong><\/p>\n<p>Sar\u00e0 un percorso conoscitivo sul mondo dell&#8217;ingranaggio, a partire dalla terminologia e simbologia usata per definire un elemento di ruota dentata, fino alla possibilit\u00e0 di calcolo e verifica. Il corso analizzer\u00e0 anche i Trattamenti Termici e i Trattamenti Superficiali, si soffermer\u00e0 sulle tipologie di utensili maggiormente utilizzate per il taglio delle dentature, sui materiali usati sui ricoprimenti pi\u00f9 frequenti, per concludersi con la trattazione di diverse metodologie per il taglio delle dentature.<\/p>\n<p>[\/vc_column_text][\/vc_column][vc_column width=&#8221;1\/2&#8243;][vc_video link=&#8221;https:\/\/youtu.be\/7bkHqAldvAU&#8221; el_width=&#8221;60&#8243; align=&#8221;center&#8221;][\/vc_column][\/vc_row][vc_row][vc_column width=&#8221;1\/2&#8243;][vc_column_text css=&#8221;&#8221;]&#8221;<strong>Training di vendita avanzata<\/strong>&#8221;<\/p>\n<p>Si tratta della <strong>sessione avanzata del corso base \u201cVendere e Comunicare\u201d<\/strong>. I punti principali del corso sono:<\/p>\n<ul>\n<li>Ripasso e allenamento degli argomenti trattati nel training \u201cVENDERE E COMUNICARE\u201d<\/li>\n<li>Programmare, organizzare, utilizzare il proprio tempo<\/li>\n<li>Rafforzare la consapevolezza del ruolo di venditore<\/li>\n<li>Gli strumenti per negoziare pi\u00f9 efficacemente<\/li>\n<\/ul>\n<p>[\/vc_column_text][\/vc_column][\/vc_row][vc_row][vc_column width=&#8221;1\/2&#8243;][vc_column_text css=&#8221;&#8221;]<strong>&#8220;Misurazione completa dei componenti rototraslanti e degli ingranaggi,rugosit\u00e0 inclusa &#8211; Corso All in One&#8221; <\/strong>\u00a0in collaborazione con Klingelnberg Italiana<\/p>\n<p>ll corso \u00e8 concepito per migliorare la preparazione dei tecnici, dei progettisti\u00a0 meccanici e degli specialisti della qualit\u00e0 sulla misurazione completa degli ingranaggi e dei componenti rototraslanti in tutte le sue forme complesse. Al termine del corso i tecnici avranno assimilato tutte le tematiche inerenti al mondo dell\u2019ingranaggio e saranno pronti ad utilizzare delle macchine 3D di elevata precisione.<\/p>\n<p>[\/vc_column_text][\/vc_column][vc_column width=&#8221;1\/2&#8243;][vc_video link=&#8221;https:\/\/youtu.be\/bEfuSfGZc5M&#8221; el_width=&#8221;60&#8243; align=&#8221;center&#8221;][\/vc_column][\/vc_row][vc_row][vc_column width=&#8221;1\/2&#8243;][vc_column_text css=&#8221;&#8221;]<strong>&#8220;Dalla progettazione alla produzione completa dell&#8217;ingranaggio conico&#8221; <\/strong><strong>\u00a0<\/strong> in collaborazione con Klingelnberg Italiana<\/p>\n<p>Il corso\u00a0 \u00e8 dedicato ai tecnici progettisti e tecnologi di ingranaggi ed operatori macchina con esperienza basic e professional ed \u00e8 orientato a migliorare la loro formazione. Alla fine del corso, grazie ad esempi applicativi, gli specialisti del settore avranno una preparazione approfondita sull\u2019 ingranaggio conico e tutte le sue tematiche.<\/p>\n<p>[\/vc_column_text][\/vc_column][vc_column width=&#8221;1\/2&#8243;][vc_video link=&#8221;https:\/\/youtu.be\/rlALmKkTfTI&#8221; el_width=&#8221;60&#8243; align=&#8221;center&#8221;][\/vc_column][\/vc_row][vc_row][vc_column width=&#8221;1\/2&#8243;][vc_column_text css=&#8221;&#8221;]<strong>&#8220;Dalla progettazione alla produzione completa dell\u2019ingranaggio cilindrico&#8221;<\/strong> in collaborazione con Klingelnberg Italiana<\/p>\n<p>ll corso \u00e8 dedicato ai tecnici progettisti e tecnologi di ingranaggi ed operatori macchina con esperienza basic e professional ed \u00e8 orientato a migliorare la loro formazione. Alla fine del corso, grazie ad esempi applicativi, gli specialisti del settore avranno una preparazione approfondita sull\u2019ingranaggio cilindrico e tutte le sue tematiche.<\/p>\n<p>[\/vc_column_text][\/vc_column][vc_column width=&#8221;1\/2&#8243;][vc_video link=&#8221;https:\/\/youtu.be\/7TxyQ0bWpjw&#8221; el_width=&#8221;60&#8243; align=&#8221;center&#8221;][\/vc_column][\/vc_row][vc_row][vc_column width=&#8221;1\/2&#8243;][vc_column_text css=&#8221;&#8221;]<strong>&#8220;La filtrazione nei sistemi oleodinamici&#8221;<\/strong> in collaborazione con Filtrec<\/p>\n<p>Il corso \u00e8 rivolto a chiunque sia interessato o coinvolto nella realizzazione o nella manutenzione di un impianto oleodinamico, dagli operatori ai manutentori o ai progettisti, con lo scopo di aumentarne la sensibilit\u00e0 dell\u2019importanza della filtrazione, fornendo delle nozioni base sulla corretta filtrazione nei sistemi oleodinamici.<\/p>\n<p>[\/vc_column_text][\/vc_column][vc_column width=&#8221;1\/2&#8243;][vc_video link=&#8221;https:\/\/youtu.be\/PO3gQHJ1isI&#8221; el_width=&#8221;60&#8243; align=&#8221;center&#8221;][\/vc_column][\/vc_row]<\/p>\n<\/div>","protected":false},"excerpt":{"rendered":"<p>[vc_row][vc_column width=&#8221;1\/4&#8243;][\/vc_column][vc_column width=&#8221;1\/2&#8243;][vc_single_image image=&#8221;9510&#8243; img_size=&#8221;large&#8221; alignment=&#8221;center&#8221; css=&#8221;&#8221;][\/vc_column][vc_column width=&#8221;1\/4&#8243;][\/vc_column][\/vc_row][vc_row][vc_column][vc_column_text css=&#8221;&#8221;] FEDERTEC organizza e propone corsi di formazione di natura tecnica e commerciale specifici per il settore, istituiti in collaborazione con esperti docenti provenienti dal mondo dell\u2019industria e accademico nonch\u00e9 da consulenti specializzati, per meglio affrontare le sfide che il mercato pone quotidianamente. Brochure corsi FEDERTEC ACADEMY<\/p>\n","protected":false},"author":2,"featured_media":0,"parent":0,"menu_order":0,"comment_status":"closed","ping_status":"closed","template":"","meta":{"_acf_changed":false,"footnotes":""},"class_list":["post-3517","page","type-page","status-publish","hentry"],"acf":[],"_links":{"self":[{"href":"https:\/\/federtec.it\/index.php?rest_route=\/wp\/v2\/pages\/3517","targetHints":{"allow":["GET"]}}],"collection":[{"href":"https:\/\/federtec.it\/index.php?rest_route=\/wp\/v2\/pages"}],"about":[{"href":"https:\/\/federtec.it\/index.php?rest_route=\/wp\/v2\/types\/page"}],"author":[{"embeddable":true,"href":"https:\/\/federtec.it\/index.php?rest_route=\/wp\/v2\/users\/2"}],"replies":[{"embeddable":true,"href":"https:\/\/federtec.it\/index.php?rest_route=%2Fwp%2Fv2%2Fcomments&post=3517"}],"version-history":[{"count":252,"href":"https:\/\/federtec.it\/index.php?rest_route=\/wp\/v2\/pages\/3517\/revisions"}],"predecessor-version":[{"id":9677,"href":"https:\/\/federtec.it\/index.php?rest_route=\/wp\/v2\/pages\/3517\/revisions\/9677"}],"wp:attachment":[{"href":"https:\/\/federtec.it\/index.php?rest_route=%2Fwp%2Fv2%2Fmedia&parent=3517"}],"curies":[{"name":"wp","href":"https:\/\/api.w.org\/{rel}","templated":true}]}}