{"id":9595,"date":"2026-03-25T10:39:15","date_gmt":"2026-03-25T09:39:15","guid":{"rendered":"https:\/\/federtec.it\/?page_id=9595"},"modified":"2026-03-25T10:39:52","modified_gmt":"2026-03-25T09:39:52","slug":"kick-off-meeting-2026","status":"publish","type":"page","link":"https:\/\/federtec.it\/?page_id=9595","title":{"rendered":"KICK-OFF MEETING 2026"},"content":{"rendered":"<div class=\"wpb-content-wrapper\"><p>[vc_row gap=&#8221;30&#8243;][vc_column width=&#8221;1\/2&#8243;][vc_column_text css=&#8221;&#8221;]<\/p>\n<div class=\"page\" title=\"Page 1\">\n<div class=\"section\">\n<div class=\"layoutArea\">\n<div class=\"column\">\n<p class=\"p1\"><strong>Labirinto della Masone, Fontanellato (PR) &#8211; 19 Febbraio 2026<\/strong><\/p>\n<\/div>\n<\/div>\n<\/div>\n<\/div>\n<div class=\"page\" title=\"Page 1\">\n<div class=\"section\">\n<div class=\"layoutArea\">\n<div class=\"column\">\n<h2 class=\"p1\">Kick-Off FEDERTEC 2026: visione, strategie e spirito di squadra al centro dell\u2019incontro associativo<\/h2>\n<\/div>\n<\/div>\n<\/div>\n<\/div>\n<div class=\"page\" title=\"Page 1\">\n<div class=\"section\">\n<div class=\"layoutArea\">\n<div class=\"column\">\n<p class=\"p1\">Una giornata di confronto, pianificazione e condivisione ha scandito il <strong>Kick-Off FEDERTEC 2026<\/strong>, appuntamento che ha riunito la governance e la struttura operativa dell\u2019Associazione per delineare priorit\u00e0 e obiettivi del nuovo anno.<\/p>\n<p class=\"p1\">La mattinata dei lavori, condotta da <strong>Cristian Son<\/strong>, Referente Marketing FEDERTEC, ha rappresentato il filo guida degli interventi e dei momenti di confronto che hanno caratterizzato l\u2019evento.<br \/>\nL\u2019incontro si \u00e8 aperto con l\u2019intervento del Presidente <strong>Mauro Rizzolo<\/strong>, che ha condiviso visione e linee guida strategiche per il 2026, offrendo una lettura del contesto industriale e del ruolo dell\u2019Associazione.<\/p>\n<p class=\"p1\">A seguire, i contributi dei Vice Presidenti <strong>Alessandro Carmona<\/strong>, <strong>Carlo Contasta<\/strong>, <strong>Domenico Di Monte<\/strong>, e <strong>Sergio Sartori<\/strong> hanno approfondito le principali direttrici di sviluppo e le aree di attivit\u00e0 prioritarie.<br \/>\nNel corso della mattinata c&#8217;\u00e8 stato un momento dedicato a FEDERTEC Benefit, dove il Direttore <strong>Marco Ferrara<\/strong> ha presentato la panoramica dei servizi offerti da FEDERTEC agli associati.<\/p>\n<\/div>\n<\/div>\n<\/div>\n<\/div>\n<p>[\/vc_column_text][\/vc_column][vc_column width=&#8221;1\/2&#8243;][vc_column_text css=&#8221;&#8221;]<\/p>\n<div class=\"page\" title=\"Page 1\">\n<div class=\"section\">\n<div class=\"layoutArea\">\n<div class=\"column\">\n<p class=\"p1\">Momento centrale della giornata, l\u2019intervento guidato da <strong>Alessandra Monasta<\/strong>, Performance &amp; Business Coach, che ha coinvolto la platea sui temi della leadership, della disciplina e della gestione delle dinamiche decisionali, stimolando riflessioni concrete sulla cultura organizzativa e sulle performance individuali e di gruppo. Insieme a lei, <strong>Maurizio Mariani<\/strong>, arbitro di calcio di Serie A e internazionale, ha portato una testimonianza di forte impatto, offrendo una prospettiva concreta sul valore della responsabilit\u00e0, sulla gestione della pressione e sulla capacit\u00e0 di giudizio nelle situazioni ad alta complessit\u00e0.<br \/>\nI partecipanti sono stati coinvolti in un\u2019attivit\u00e0 interattiva che ha consentito di sperimentare concretamente le dinamiche del lavoro di squadra, evidenziando il ruolo strategico di collaborazione, fiducia e coordinamento nel raggiungimento degli obiettivi comuni.<\/p>\n<p class=\"p1\">A conclusione della mattinata \u00e8 stato presentato l\u2019<strong>Activity Plan 2026<\/strong>. Cristian Son ha dato una panoramica degli eventi pi\u00f9 importanti che vedranno FEDERTEC e i suoi soci coinvolti nel corso dell&#8217;anno.<\/p>\n<p class=\"p1\">Il Kick-Off FEDERTEC 2026 si \u00e8 cos\u00ec confermato un momento chiave di condivisione e coesione, rafforzando lo spirito di squadra e la visione comune che guidano il percorso associativo.<\/p>\n<\/div>\n<\/div>\n<\/div>\n<\/div>\n<p>[\/vc_column_text][\/vc_column][\/vc_row][vc_row][vc_column]<div class=\"mpc-carousel__wrapper mpc-waypoint\"><div id=\"mpc_carousel_image-216a007fe85c748\" class=\"mpc-carousel-image mpc-init mpc-layout--fluid mpc-effect--none mpc-carousel--stretched mpc-force-height \"  data-mpcslick='{\"infinite\":true,\"autoplay\":false,\"slidesToShow\":3,\"slidesToScroll\":1,\"centerMode\":false,\"initialSlide\":0,\"rows\":1,\"variableWidth\":true,\"speed\":500}' data-slick-cols=\"3\"><div target=\"\"class=\"mpc-carousel__item-wrapper\" data-height=\"768\"><div onclick=\"\" class=\"mpc-item mpc-transition\"><div class=\"mpc-border\"><\/div><img loading=\"lazy\" decoding=\"async\" width=\"300\" height=\"225\" src=\"https:\/\/federtec.it\/wp-content\/uploads\/WhatsApp-Image-2026-02-20-at-09.34.13-300x225.jpeg\" class=\"mpc-transition attachment-medium\" alt=\"\" title=\"WhatsApp Image 2026-02-20 at 09.34.13\" srcset=\"https:\/\/federtec.it\/wp-content\/uploads\/WhatsApp-Image-2026-02-20-at-09.34.13-300x225.jpeg 300w, https:\/\/federtec.it\/wp-content\/uploads\/WhatsApp-Image-2026-02-20-at-09.34.13-1024x768.jpeg 1024w, https:\/\/federtec.it\/wp-content\/uploads\/WhatsApp-Image-2026-02-20-at-09.34.13-768x576.jpeg 768w, https:\/\/federtec.it\/wp-content\/uploads\/WhatsApp-Image-2026-02-20-at-09.34.13-1536x1152.jpeg 1536w, https:\/\/federtec.it\/wp-content\/uploads\/WhatsApp-Image-2026-02-20-at-09.34.13.jpeg 1600w\" sizes=\"auto, (max-width: 300px) 100vw, 300px\" \/><\/div><\/div><div target=\"\"class=\"mpc-carousel__item-wrapper\" data-height=\"768\"><div onclick=\"\" class=\"mpc-item mpc-transition\"><div class=\"mpc-border\"><\/div><img loading=\"lazy\" decoding=\"async\" width=\"300\" height=\"225\" src=\"https:\/\/federtec.it\/wp-content\/uploads\/WhatsApp-Image-2026-02-20-at-09.34.13-1-300x225.jpeg\" class=\"mpc-transition attachment-medium\" alt=\"\" title=\"WhatsApp Image 2026-02-20 at 09.34.13 (1)\" srcset=\"https:\/\/federtec.it\/wp-content\/uploads\/WhatsApp-Image-2026-02-20-at-09.34.13-1-300x225.jpeg 300w, https:\/\/federtec.it\/wp-content\/uploads\/WhatsApp-Image-2026-02-20-at-09.34.13-1-1024x768.jpeg 1024w, https:\/\/federtec.it\/wp-content\/uploads\/WhatsApp-Image-2026-02-20-at-09.34.13-1-768x576.jpeg 768w, https:\/\/federtec.it\/wp-content\/uploads\/WhatsApp-Image-2026-02-20-at-09.34.13-1-1536x1152.jpeg 1536w, https:\/\/federtec.it\/wp-content\/uploads\/WhatsApp-Image-2026-02-20-at-09.34.13-1.jpeg 1600w\" sizes=\"auto, (max-width: 300px) 100vw, 300px\" \/><\/div><\/div><div target=\"\"class=\"mpc-carousel__item-wrapper\" data-height=\"1024\"><div onclick=\"\" class=\"mpc-item mpc-transition\"><div class=\"mpc-border\"><\/div><img loading=\"lazy\" decoding=\"async\" width=\"225\" height=\"300\" src=\"https:\/\/federtec.it\/wp-content\/uploads\/WhatsApp-Image-2026-02-20-at-09.34.11-225x300.jpeg\" class=\"mpc-transition attachment-medium\" alt=\"\" title=\"WhatsApp Image 2026-02-20 at 09.34.11\" srcset=\"https:\/\/federtec.it\/wp-content\/uploads\/WhatsApp-Image-2026-02-20-at-09.34.11-225x300.jpeg 225w, https:\/\/federtec.it\/wp-content\/uploads\/WhatsApp-Image-2026-02-20-at-09.34.11-768x1024.jpeg 768w, https:\/\/federtec.it\/wp-content\/uploads\/WhatsApp-Image-2026-02-20-at-09.34.11-1152x1536.jpeg 1152w, https:\/\/federtec.it\/wp-content\/uploads\/WhatsApp-Image-2026-02-20-at-09.34.11.jpeg 1200w\" sizes=\"auto, (max-width: 225px) 100vw, 225px\" \/><\/div><\/div><div target=\"\"class=\"mpc-carousel__item-wrapper\" data-height=\"1024\"><div onclick=\"\" class=\"mpc-item mpc-transition\"><div class=\"mpc-border\"><\/div><img loading=\"lazy\" decoding=\"async\" width=\"225\" height=\"300\" src=\"https:\/\/federtec.it\/wp-content\/uploads\/WhatsApp-Image-2026-02-20-at-09.33.50-225x300.jpeg\" class=\"mpc-transition attachment-medium\" alt=\"\" title=\"WhatsApp Image 2026-02-20 at 09.33.50\" srcset=\"https:\/\/federtec.it\/wp-content\/uploads\/WhatsApp-Image-2026-02-20-at-09.33.50-225x300.jpeg 225w, https:\/\/federtec.it\/wp-content\/uploads\/WhatsApp-Image-2026-02-20-at-09.33.50-768x1024.jpeg 768w, https:\/\/federtec.it\/wp-content\/uploads\/WhatsApp-Image-2026-02-20-at-09.33.50-1152x1536.jpeg 1152w, https:\/\/federtec.it\/wp-content\/uploads\/WhatsApp-Image-2026-02-20-at-09.33.50.jpeg 1200w\" sizes=\"auto, (max-width: 225px) 100vw, 225px\" \/><\/div><\/div><div target=\"\"class=\"mpc-carousel__item-wrapper\" data-height=\"1024\"><div onclick=\"\" class=\"mpc-item mpc-transition\"><div class=\"mpc-border\"><\/div><img loading=\"lazy\" decoding=\"async\" width=\"225\" height=\"300\" src=\"https:\/\/federtec.it\/wp-content\/uploads\/WhatsApp-Image-2026-02-20-at-09.33.28-225x300.jpeg\" class=\"mpc-transition attachment-medium\" alt=\"\" title=\"WhatsApp Image 2026-02-20 at 09.33.28\" srcset=\"https:\/\/federtec.it\/wp-content\/uploads\/WhatsApp-Image-2026-02-20-at-09.33.28-225x300.jpeg 225w, https:\/\/federtec.it\/wp-content\/uploads\/WhatsApp-Image-2026-02-20-at-09.33.28-768x1024.jpeg 768w, https:\/\/federtec.it\/wp-content\/uploads\/WhatsApp-Image-2026-02-20-at-09.33.28-1152x1536.jpeg 1152w, https:\/\/federtec.it\/wp-content\/uploads\/WhatsApp-Image-2026-02-20-at-09.33.28.jpeg 1200w\" sizes=\"auto, (max-width: 225px) 100vw, 225px\" \/><\/div><\/div><div target=\"\"class=\"mpc-carousel__item-wrapper\" data-height=\"1024\"><div onclick=\"\" class=\"mpc-item mpc-transition\"><div class=\"mpc-border\"><\/div><img loading=\"lazy\" decoding=\"async\" width=\"225\" height=\"300\" src=\"https:\/\/federtec.it\/wp-content\/uploads\/WhatsApp-Image-2026-02-20-at-09.33.27-225x300.jpeg\" class=\"mpc-transition attachment-medium\" alt=\"\" title=\"WhatsApp Image 2026-02-20 at 09.33.27\" srcset=\"https:\/\/federtec.it\/wp-content\/uploads\/WhatsApp-Image-2026-02-20-at-09.33.27-225x300.jpeg 225w, https:\/\/federtec.it\/wp-content\/uploads\/WhatsApp-Image-2026-02-20-at-09.33.27-768x1024.jpeg 768w, https:\/\/federtec.it\/wp-content\/uploads\/WhatsApp-Image-2026-02-20-at-09.33.27-1152x1536.jpeg 1152w, https:\/\/federtec.it\/wp-content\/uploads\/WhatsApp-Image-2026-02-20-at-09.33.27.jpeg 1200w\" sizes=\"auto, (max-width: 225px) 100vw, 225px\" \/><\/div><\/div><div target=\"\"class=\"mpc-carousel__item-wrapper\" data-height=\"1024\"><div onclick=\"\" class=\"mpc-item mpc-transition\"><div class=\"mpc-border\"><\/div><img loading=\"lazy\" decoding=\"async\" width=\"225\" height=\"300\" src=\"https:\/\/federtec.it\/wp-content\/uploads\/WhatsApp-Image-2026-02-20-at-09.33.26-225x300.jpeg\" class=\"mpc-transition attachment-medium\" alt=\"\" title=\"WhatsApp Image 2026-02-20 at 09.33.26\" srcset=\"https:\/\/federtec.it\/wp-content\/uploads\/WhatsApp-Image-2026-02-20-at-09.33.26-225x300.jpeg 225w, https:\/\/federtec.it\/wp-content\/uploads\/WhatsApp-Image-2026-02-20-at-09.33.26-768x1024.jpeg 768w, https:\/\/federtec.it\/wp-content\/uploads\/WhatsApp-Image-2026-02-20-at-09.33.26-1152x1536.jpeg 1152w, https:\/\/federtec.it\/wp-content\/uploads\/WhatsApp-Image-2026-02-20-at-09.33.26.jpeg 1200w\" sizes=\"auto, (max-width: 225px) 100vw, 225px\" \/><\/div><\/div><div target=\"\"class=\"mpc-carousel__item-wrapper\" data-height=\"1024\"><div onclick=\"\" class=\"mpc-item mpc-transition\"><div class=\"mpc-border\"><\/div><img loading=\"lazy\" decoding=\"async\" width=\"225\" height=\"300\" src=\"https:\/\/federtec.it\/wp-content\/uploads\/WhatsApp-Image-2026-02-20-at-09.33.25-225x300.jpeg\" class=\"mpc-transition attachment-medium\" alt=\"\" title=\"WhatsApp Image 2026-02-20 at 09.33.25\" srcset=\"https:\/\/federtec.it\/wp-content\/uploads\/WhatsApp-Image-2026-02-20-at-09.33.25-225x300.jpeg 225w, https:\/\/federtec.it\/wp-content\/uploads\/WhatsApp-Image-2026-02-20-at-09.33.25-768x1024.jpeg 768w, https:\/\/federtec.it\/wp-content\/uploads\/WhatsApp-Image-2026-02-20-at-09.33.25-1152x1536.jpeg 1152w, https:\/\/federtec.it\/wp-content\/uploads\/WhatsApp-Image-2026-02-20-at-09.33.25.jpeg 1200w\" sizes=\"auto, (max-width: 225px) 100vw, 225px\" \/><\/div><\/div><div target=\"\"class=\"mpc-carousel__item-wrapper\" data-height=\"1024\"><div onclick=\"\" class=\"mpc-item mpc-transition\"><div class=\"mpc-border\"><\/div><img loading=\"lazy\" decoding=\"async\" width=\"225\" height=\"300\" src=\"https:\/\/federtec.it\/wp-content\/uploads\/IMG_3669-225x300.jpeg\" class=\"mpc-transition attachment-medium\" alt=\"\" title=\"IMG_3669\" srcset=\"https:\/\/federtec.it\/wp-content\/uploads\/IMG_3669-225x300.jpeg 225w, https:\/\/federtec.it\/wp-content\/uploads\/IMG_3669-768x1024.jpeg 768w, https:\/\/federtec.it\/wp-content\/uploads\/IMG_3669-1152x1536.jpeg 1152w, https:\/\/federtec.it\/wp-content\/uploads\/IMG_3669-1536x2048.jpeg 1536w, https:\/\/federtec.it\/wp-content\/uploads\/IMG_3669-scaled.jpeg 1920w\" sizes=\"auto, (max-width: 225px) 100vw, 225px\" \/><\/div><\/div><div target=\"\"class=\"mpc-carousel__item-wrapper\" data-height=\"1024\"><div onclick=\"\" class=\"mpc-item mpc-transition\"><div class=\"mpc-border\"><\/div><img loading=\"lazy\" decoding=\"async\" width=\"225\" height=\"300\" src=\"https:\/\/federtec.it\/wp-content\/uploads\/IMG_3653-225x300.jpeg\" class=\"mpc-transition attachment-medium\" alt=\"\" title=\"IMG_3653\" srcset=\"https:\/\/federtec.it\/wp-content\/uploads\/IMG_3653-225x300.jpeg 225w, https:\/\/federtec.it\/wp-content\/uploads\/IMG_3653-768x1024.jpeg 768w, https:\/\/federtec.it\/wp-content\/uploads\/IMG_3653-1152x1536.jpeg 1152w, https:\/\/federtec.it\/wp-content\/uploads\/IMG_3653-1536x2048.jpeg 1536w, https:\/\/federtec.it\/wp-content\/uploads\/IMG_3653-scaled.jpeg 1920w\" sizes=\"auto, (max-width: 225px) 100vw, 225px\" \/><\/div><\/div><div target=\"\"class=\"mpc-carousel__item-wrapper\" data-height=\"1024\"><div onclick=\"\" class=\"mpc-item mpc-transition\"><div class=\"mpc-border\"><\/div><img loading=\"lazy\" decoding=\"async\" width=\"225\" height=\"300\" src=\"https:\/\/federtec.it\/wp-content\/uploads\/IMG_3642-225x300.jpeg\" class=\"mpc-transition attachment-medium\" alt=\"\" title=\"IMG_3642\" srcset=\"https:\/\/federtec.it\/wp-content\/uploads\/IMG_3642-225x300.jpeg 225w, https:\/\/federtec.it\/wp-content\/uploads\/IMG_3642-768x1024.jpeg 768w, https:\/\/federtec.it\/wp-content\/uploads\/IMG_3642-1152x1536.jpeg 1152w, https:\/\/federtec.it\/wp-content\/uploads\/IMG_3642-1536x2048.jpeg 1536w, https:\/\/federtec.it\/wp-content\/uploads\/IMG_3642-scaled.jpeg 1920w\" sizes=\"auto, (max-width: 225px) 100vw, 225px\" \/><\/div><\/div><\/div><div class=\"mpc-navigation mpc-init mpc-align--left mpc-navigation--style_1  mpc-nav-preset--\" data-mpcslider=\"mpc_carousel_image-216a007fe85c748\"><div class=\"mpc-nav__arrow mpcslick-prev\"><div class=\"mpc-nav__icon mpc-transition\"><i class=\"\"><div class=\"mpc-nav__background mpc-transition mpc-effect-type--fade mpc-effect-side--in\"><\/div><\/i><\/div><\/div><div class=\"mpc-nav__arrow mpcslick-next\"><div class=\"mpc-nav__icon mpc-transition\"><i class=\"\"><div class=\"mpc-nav__background mpc-transition mpc-effect-type--fade mpc-effect-side--in\"><\/div><\/i><\/div><\/div><\/div><\/div>[\/vc_column][\/vc_row][vc_row][vc_column width=&#8221;1\/3&#8243;][vc_video link=&#8221;https:\/\/www.youtube.com\/watch?v=ti3oAPH16lI&#8221; css=&#8221;&#8221;][\/vc_column][vc_column width=&#8221;1\/3&#8243;][vc_video link=&#8221;https:\/\/www.youtube.com\/watch?v=Wi8DvJ4d2xc&#8221; css=&#8221;&#8221;][\/vc_column][vc_column width=&#8221;1\/3&#8243;][vc_video link=&#8221;https:\/\/www.youtube.com\/watch?v=ugEGMVYFHlM&#8221; css=&#8221;&#8221;][\/vc_column][\/vc_row][vc_row][vc_column width=&#8221;1\/3&#8243;][\/vc_column][\/vc_row]<\/p>\n<\/div>","protected":false},"excerpt":{"rendered":"<p>[vc_row gap=&#8221;30&#8243;][vc_column width=&#8221;1\/2&#8243;][vc_column_text css=&#8221;&#8221;] Labirinto della Masone, Fontanellato (PR) &#8211; 19 Febbraio 2026 Kick-Off FEDERTEC 2026: visione, strategie e spirito di squadra al centro dell\u2019incontro associativo Una giornata di confronto, pianificazione e condivisione ha scandito il Kick-Off FEDERTEC 2026, appuntamento che ha riunito la governance e la struttura operativa dell\u2019Associazione per delineare priorit\u00e0 e obiettivi<\/p>\n","protected":false},"author":318,"featured_media":0,"parent":0,"menu_order":0,"comment_status":"closed","ping_status":"closed","template":"","meta":{"_acf_changed":false,"footnotes":""},"class_list":["post-9595","page","type-page","status-publish","hentry"],"acf":[],"_links":{"self":[{"href":"https:\/\/federtec.it\/index.php?rest_route=\/wp\/v2\/pages\/9595","targetHints":{"allow":["GET"]}}],"collection":[{"href":"https:\/\/federtec.it\/index.php?rest_route=\/wp\/v2\/pages"}],"about":[{"href":"https:\/\/federtec.it\/index.php?rest_route=\/wp\/v2\/types\/page"}],"author":[{"embeddable":true,"href":"https:\/\/federtec.it\/index.php?rest_route=\/wp\/v2\/users\/318"}],"replies":[{"embeddable":true,"href":"https:\/\/federtec.it\/index.php?rest_route=%2Fwp%2Fv2%2Fcomments&post=9595"}],"version-history":[{"count":5,"href":"https:\/\/federtec.it\/index.php?rest_route=\/wp\/v2\/pages\/9595\/revisions"}],"predecessor-version":[{"id":9622,"href":"https:\/\/federtec.it\/index.php?rest_route=\/wp\/v2\/pages\/9595\/revisions\/9622"}],"wp:attachment":[{"href":"https:\/\/federtec.it\/index.php?rest_route=%2Fwp%2Fv2%2Fmedia&parent=9595"}],"curies":[{"name":"wp","href":"https:\/\/api.w.org\/{rel}","templated":true}]}}